{"id":22505,"date":"2025-09-25T14:00:31","date_gmt":"2025-09-25T12:00:31","guid":{"rendered":"https:\/\/www.charmig.nl\/?post_type=product&#038;p=22505"},"modified":"2026-04-23T09:37:16","modified_gmt":"2026-04-23T07:37:16","slug":"kruk-askman-bent-wood-taburet-m-stool-jorgen-moller","status":"publish","type":"product","link":"https:\/\/www.charmig.nl\/en\/product\/archief\/kruk-askman-bent-wood-taburet-m-stool-jorgen-moller\/","title":{"rendered":"Stool | Askman Bent Wood | Taburet M Stool | J\u00f8rgen M\u00f8ller"},"content":{"rendered":"","protected":false},"excerpt":{"rendered":"M Taburet Kruk van Askman, ontworpen door J\u00f8rgen M\u00f8ller.\r\nDe kruk heeft een zwart gelakte, gebogen houten constructie \u2013 een prachtige combinatie van comfort en minimalistisch design. Dit minimalistische meubelstuk, vervaardigd uit gevormd hout, ademt de klassieke Scandinavische stijl. Lichte gebruikssporen en leeftijdskenmerken zijn zichtbaar. Gemaakt in Denemarken.\r\n\r\nAfmetingen:\r\nBreedte: 52 cm \r\nHoogte: 45 cm\r\nDiepte: 30 cm\r\n\r\nOntwerp periode:1960s\r\nStijl: Mid century modern &#8211; Scandinavisch design\r\nMateriaal: gelakt hout\r\nConditie: goede vintage staat\r\nOntwerper: J\u00f8rgen M\u00f8ller\r\nFabrikant: Askman\r\n\r\nArtikelnummer: 211719","protected":false},"featured_media":22508,"template":"","meta":{"_acf_changed":false},"product_brand":[],"product_cat":[103],"product_tag":[],"class_list":{"0":"post-22505","1":"product","2":"type-product","3":"status-publish","4":"has-post-thumbnail","6":"product_cat-archief","7":"product_shipping_class-groot-pakket","9":"first","10":"outofstock","11":"shipping-taxable","12":"purchasable","13":"product-type-simple"},"composite_virtual":false,"composite_layout":"","composite_add_to_cart_form_location":"","composite_editable_in_cart":false,"composite_sold_individually_context":"","composite_shop_price_calc":"","composite_components":[],"composite_scenarios":[],"exclude_global_add_ons":[],"addons":[],"acf":[],"yoast_head":null,"yoast_head_json":null,"_links":{"self":[{"href":"https:\/\/www.charmig.nl\/en\/wp-json\/wp\/v2\/product\/22505","targetHints":{"allow":["GET"]}}],"collection":[{"href":"https:\/\/www.charmig.nl\/en\/wp-json\/wp\/v2\/product"}],"about":[{"href":"https:\/\/www.charmig.nl\/en\/wp-json\/wp\/v2\/types\/product"}],"wp:featuredmedia":[{"embeddable":true,"href":"https:\/\/www.charmig.nl\/en\/wp-json\/wp\/v2\/media\/22508"}],"wp:attachment":[{"href":"https:\/\/www.charmig.nl\/en\/wp-json\/wp\/v2\/media?parent=22505"}],"wp:term":[{"taxonomy":"product_brand","embeddable":true,"href":"https:\/\/www.charmig.nl\/en\/wp-json\/wp\/v2\/product_brand?post=22505"},{"taxonomy":"product_cat","embeddable":true,"href":"https:\/\/www.charmig.nl\/en\/wp-json\/wp\/v2\/product_cat?post=22505"},{"taxonomy":"product_tag","embeddable":true,"href":"https:\/\/www.charmig.nl\/en\/wp-json\/wp\/v2\/product_tag?post=22505"}],"curies":[{"name":"wp","href":"https:\/\/api.w.org\/{rel}","templated":true}]}}