{"id":10019,"date":"2023-10-24T11:14:38","date_gmt":"2023-10-24T09:14:38","guid":{"rendered":"https:\/\/www.charmig.nl\/?post_type=product&#038;p=10019"},"modified":"2026-02-24T09:01:05","modified_gmt":"2026-02-24T08:01:05","slug":"mimiset-nesting-tables-teak-1960s","status":"publish","type":"product","link":"https:\/\/www.charmig.nl\/fr\/produit\/archives\/mimiset-nesting-tables-teak-1960s\/","title":{"rendered":"Mimiset | Tables gigognes | Teck | 1960s"},"content":{"rendered":"","protected":false},"excerpt":{"rendered":"Num\u00e9ro d'article : 210887\r\n\r\nCe magnifique ensemble mimi en teck se compose de 3 tables. L'ensemble mini a \u00e9t\u00e9 con\u00e7u dans les ann\u00e9es 1960. Les trois tables ont un design \u00e9pur\u00e9 et s'embo\u00eetent parfaitement.\r\n\r\nCet ensemble mimi vintage est de grande qualit\u00e9. Les tables prennent peu de place lorsqu'elles sont pouss\u00e9es l'une contre l'autre et peuvent \u00eatre utilis\u00e9es ensemble ou s\u00e9par\u00e9ment.\r\n\r\nCet ensemble mimi est en tr\u00e8s bon \u00e9tat et ne montre pratiquement aucun signe d'utilisation.\r\n\r\n P\u00e9riode de cr\u00e9ation : 1950-1960\r\nStyle : Mid century modern, scandinavian design, Danish design\r\n\u00c9tat : En bon \u00e9tat\r\nDesigner : Inconnu\r\nMat\u00e9riau : teck\r\n\r\nDimensions de la plus grande table :\r\nProfondeur : 38 cm\r\nLargeur : 62 cm\r\nHauteur : 44 cm","protected":false},"featured_media":10020,"template":"","meta":{"_acf_changed":false},"product_brand":[],"product_cat":[103],"product_tag":[],"class_list":{"0":"post-10019","1":"product","2":"type-product","3":"status-publish","4":"has-post-thumbnail","6":"product_cat-archief","7":"product_shipping_class-groot-pakket","9":"first","10":"outofstock","11":"shipping-taxable","12":"purchasable","13":"product-type-simple"},"composite_virtual":false,"composite_layout":"","composite_add_to_cart_form_location":"","composite_editable_in_cart":false,"composite_sold_individually_context":"","composite_shop_price_calc":"","composite_components":[],"composite_scenarios":[],"exclude_global_add_ons":[],"addons":[],"acf":[],"yoast_head":null,"yoast_head_json":null,"_links":{"self":[{"href":"https:\/\/www.charmig.nl\/fr\/wp-json\/wp\/v2\/product\/10019","targetHints":{"allow":["GET"]}}],"collection":[{"href":"https:\/\/www.charmig.nl\/fr\/wp-json\/wp\/v2\/product"}],"about":[{"href":"https:\/\/www.charmig.nl\/fr\/wp-json\/wp\/v2\/types\/product"}],"wp:featuredmedia":[{"embeddable":true,"href":"https:\/\/www.charmig.nl\/fr\/wp-json\/wp\/v2\/media\/10020"}],"wp:attachment":[{"href":"https:\/\/www.charmig.nl\/fr\/wp-json\/wp\/v2\/media?parent=10019"}],"wp:term":[{"taxonomy":"product_brand","embeddable":true,"href":"https:\/\/www.charmig.nl\/fr\/wp-json\/wp\/v2\/product_brand?post=10019"},{"taxonomy":"product_cat","embeddable":true,"href":"https:\/\/www.charmig.nl\/fr\/wp-json\/wp\/v2\/product_cat?post=10019"},{"taxonomy":"product_tag","embeddable":true,"href":"https:\/\/www.charmig.nl\/fr\/wp-json\/wp\/v2\/product_tag?post=10019"}],"curies":[{"name":"wp","href":"https:\/\/api.w.org\/{rel}","templated":true}]}}