{"id":10070,"date":"2023-10-24T13:20:40","date_gmt":"2023-10-24T11:20:40","guid":{"rendered":"https:\/\/www.charmig.nl\/?post_type=product&#038;p=10070"},"modified":"2026-02-24T09:01:06","modified_gmt":"2026-02-24T08:01:06","slug":"set-van-2-wandlampen-glashutte-limburg","status":"publish","type":"product","link":"https:\/\/www.charmig.nl\/fr\/produit\/archives\/set-van-2-wandlampen-glashutte-limburg\/","title":{"rendered":"Set de 2 lampes murales | Glashutte Limburg"},"content":{"rendered":"","protected":false},"excerpt":{"rendered":"Num\u00e9ro d'article : 210940\r\n\r\nMagnifique ensemble d'appliques de la c\u00e9l\u00e8bre marque Glashutte limburg, fabriqu\u00e9e dans les ann\u00e9es 60\/70. Cet ensemble d'appliques ferait merveille dans un long couloir, par exemple, ou au-dessus du lit.\r\n\r\nLe prix est pour le set de 2.\r\n\r\nDimensions de l'applique :\r\nLargeur : 17,5 cm\r\nProfondeur : 17,5\r\nHauteur : 9,5 cm\r\n\r\nP\u00e9riode de cr\u00e9ation : 1960 - 1970\r\nStyle : moderne du milieu du si\u00e8cle\r\nDesigner : Glashutte Limburg\r\nMat\u00e9riau : Verre\r\nCondition : tr\u00e8s bon \u00e9tat vintage, pas d'\u00e9clats dans le couvercle en verre","protected":false},"featured_media":10071,"template":"","meta":{"_acf_changed":false},"product_brand":[],"product_cat":[103],"product_tag":[],"class_list":{"0":"post-10070","1":"product","2":"type-product","3":"status-publish","4":"has-post-thumbnail","6":"product_cat-archief","7":"product_shipping_class-klein-pakket","9":"first","10":"outofstock","11":"shipping-taxable","12":"product-type-simple"},"composite_virtual":false,"composite_layout":"","composite_add_to_cart_form_location":"","composite_editable_in_cart":false,"composite_sold_individually_context":"","composite_shop_price_calc":"","composite_components":[],"composite_scenarios":[],"exclude_global_add_ons":[],"addons":[],"acf":[],"yoast_head":null,"yoast_head_json":null,"_links":{"self":[{"href":"https:\/\/www.charmig.nl\/fr\/wp-json\/wp\/v2\/product\/10070","targetHints":{"allow":["GET"]}}],"collection":[{"href":"https:\/\/www.charmig.nl\/fr\/wp-json\/wp\/v2\/product"}],"about":[{"href":"https:\/\/www.charmig.nl\/fr\/wp-json\/wp\/v2\/types\/product"}],"wp:featuredmedia":[{"embeddable":true,"href":"https:\/\/www.charmig.nl\/fr\/wp-json\/wp\/v2\/media\/10071"}],"wp:attachment":[{"href":"https:\/\/www.charmig.nl\/fr\/wp-json\/wp\/v2\/media?parent=10070"}],"wp:term":[{"taxonomy":"product_brand","embeddable":true,"href":"https:\/\/www.charmig.nl\/fr\/wp-json\/wp\/v2\/product_brand?post=10070"},{"taxonomy":"product_cat","embeddable":true,"href":"https:\/\/www.charmig.nl\/fr\/wp-json\/wp\/v2\/product_cat?post=10070"},{"taxonomy":"product_tag","embeddable":true,"href":"https:\/\/www.charmig.nl\/fr\/wp-json\/wp\/v2\/product_tag?post=10070"}],"curies":[{"name":"wp","href":"https:\/\/api.w.org\/{rel}","templated":true}]}}