{"id":10094,"date":"2023-10-24T14:14:10","date_gmt":"2023-10-24T12:14:10","guid":{"rendered":"https:\/\/www.charmig.nl\/?post_type=product&#038;p=10094"},"modified":"2026-04-23T09:35:43","modified_gmt":"2026-04-23T07:35:43","slug":"spaanse-spiegel-xl-trapezium-groen-messing","status":"publish","type":"product","link":"https:\/\/www.charmig.nl\/fr\/produit\/archives\/spaanse-spiegel-xl-trapezium-groen-messing\/","title":{"rendered":"Miroir espagnol XL | Trap\u00e8ze | Vert | Laiton"},"content":{"rendered":"","protected":false},"excerpt":{"rendered":"Num\u00e9ro d'article : 210937\r\n\r\nMagnifique miroir, richement d\u00e9cor\u00e9 de laiton. Bordure trap\u00e9zo\u00efdale.\r\n\r\nDimensions de l'objet :\r\nLargeur : 71 cm\r\nHauteur : 92 cm\r\n\r\n    P\u00e9riode de cr\u00e9ation : 1970\r\n    Style : Moderne du milieu du si\u00e8cle\r\n    Mat\u00e9riau : Verre\r\n    Condition : En bon \u00e9tat, un morceau de miroir s'est cass\u00e9 sur le bord sup\u00e9rieur.\r\n    Marque : inconnue","protected":false},"featured_media":10096,"template":"","meta":{"_acf_changed":false},"product_brand":[],"product_cat":[103],"product_tag":[],"class_list":{"0":"post-10094","1":"product","2":"type-product","3":"status-publish","4":"has-post-thumbnail","6":"product_cat-archief","7":"product_shipping_class-koerier","9":"first","10":"outofstock","11":"shipping-taxable","12":"product-type-simple"},"composite_virtual":false,"composite_layout":"","composite_add_to_cart_form_location":"","composite_editable_in_cart":false,"composite_sold_individually_context":"","composite_shop_price_calc":"","composite_components":[],"composite_scenarios":[],"exclude_global_add_ons":[],"addons":[],"acf":[],"yoast_head":null,"yoast_head_json":null,"_links":{"self":[{"href":"https:\/\/www.charmig.nl\/fr\/wp-json\/wp\/v2\/product\/10094","targetHints":{"allow":["GET"]}}],"collection":[{"href":"https:\/\/www.charmig.nl\/fr\/wp-json\/wp\/v2\/product"}],"about":[{"href":"https:\/\/www.charmig.nl\/fr\/wp-json\/wp\/v2\/types\/product"}],"wp:featuredmedia":[{"embeddable":true,"href":"https:\/\/www.charmig.nl\/fr\/wp-json\/wp\/v2\/media\/10096"}],"wp:attachment":[{"href":"https:\/\/www.charmig.nl\/fr\/wp-json\/wp\/v2\/media?parent=10094"}],"wp:term":[{"taxonomy":"product_brand","embeddable":true,"href":"https:\/\/www.charmig.nl\/fr\/wp-json\/wp\/v2\/product_brand?post=10094"},{"taxonomy":"product_cat","embeddable":true,"href":"https:\/\/www.charmig.nl\/fr\/wp-json\/wp\/v2\/product_cat?post=10094"},{"taxonomy":"product_tag","embeddable":true,"href":"https:\/\/www.charmig.nl\/fr\/wp-json\/wp\/v2\/product_tag?post=10094"}],"curies":[{"name":"wp","href":"https:\/\/api.w.org\/{rel}","templated":true}]}}