{"id":10106,"date":"2023-10-24T14:34:12","date_gmt":"2023-10-24T12:34:12","guid":{"rendered":"https:\/\/www.charmig.nl\/?post_type=product&#038;p=10106"},"modified":"2026-04-23T09:35:43","modified_gmt":"2026-04-23T07:35:43","slug":"spaanse-spiegel-trapezium-messing","status":"publish","type":"product","link":"https:\/\/www.charmig.nl\/fr\/produit\/archives\/spaanse-spiegel-trapezium-messing\/","title":{"rendered":"Miroir espagnol | Trap\u00e8ze | Laiton"},"content":{"rendered":"","protected":false},"excerpt":{"rendered":"Num\u00e9ro d'article : 210938\r\n\r\nMagnifique miroir, richement d\u00e9cor\u00e9 de laiton et de verre marbr\u00e9. Bordure trap\u00e9zo\u00efdale.\r\n\r\n\r\n    P\u00e9riode de cr\u00e9ation : 1970\r\n    Style : Mid century modern\r\n    Mat\u00e9riau : Verre\r\n    Condition : En bon \u00e9tat vintage.\r\n    Marque : inconnue","protected":false},"featured_media":10107,"template":"","meta":{"_acf_changed":false},"product_brand":[],"product_cat":[103],"product_tag":[],"class_list":{"0":"post-10106","1":"product","2":"type-product","3":"status-publish","4":"has-post-thumbnail","6":"product_cat-archief","7":"product_shipping_class-koerier","9":"first","10":"outofstock","11":"shipping-taxable","12":"purchasable","13":"product-type-simple"},"composite_virtual":false,"composite_layout":"","composite_add_to_cart_form_location":"","composite_editable_in_cart":false,"composite_sold_individually_context":"","composite_shop_price_calc":"","composite_components":[],"composite_scenarios":[],"exclude_global_add_ons":[],"addons":[],"acf":[],"yoast_head":null,"yoast_head_json":null,"_links":{"self":[{"href":"https:\/\/www.charmig.nl\/fr\/wp-json\/wp\/v2\/product\/10106","targetHints":{"allow":["GET"]}}],"collection":[{"href":"https:\/\/www.charmig.nl\/fr\/wp-json\/wp\/v2\/product"}],"about":[{"href":"https:\/\/www.charmig.nl\/fr\/wp-json\/wp\/v2\/types\/product"}],"wp:featuredmedia":[{"embeddable":true,"href":"https:\/\/www.charmig.nl\/fr\/wp-json\/wp\/v2\/media\/10107"}],"wp:attachment":[{"href":"https:\/\/www.charmig.nl\/fr\/wp-json\/wp\/v2\/media?parent=10106"}],"wp:term":[{"taxonomy":"product_brand","embeddable":true,"href":"https:\/\/www.charmig.nl\/fr\/wp-json\/wp\/v2\/product_brand?post=10106"},{"taxonomy":"product_cat","embeddable":true,"href":"https:\/\/www.charmig.nl\/fr\/wp-json\/wp\/v2\/product_cat?post=10106"},{"taxonomy":"product_tag","embeddable":true,"href":"https:\/\/www.charmig.nl\/fr\/wp-json\/wp\/v2\/product_tag?post=10106"}],"curies":[{"name":"wp","href":"https:\/\/api.w.org\/{rel}","templated":true}]}}