{"id":10159,"date":"2023-11-01T16:34:13","date_gmt":"2023-11-01T15:34:13","guid":{"rendered":"https:\/\/www.charmig.nl\/?post_type=product&#038;p=10159"},"modified":"2026-02-24T09:01:06","modified_gmt":"2026-02-24T08:01:06","slug":"able-a-manger-ronde-vintage-en-teck-217-cm","status":"publish","type":"product","link":"https:\/\/www.charmig.nl\/fr\/produit\/archives\/able-a-manger-ronde-vintage-en-teck-217-cm\/","title":{"rendered":"Table de salle \u00e0 manger ronde vintage en teck massif 217 cm"},"content":{"rendered":"","protected":false},"excerpt":{"rendered":"Num\u00e9ro d'article : 210965\r\n\r\nCette table de salle \u00e0 manger danoise en bois massif est fabriqu\u00e9e en teck. La table ronde peut \u00eatre rallong\u00e9e avec 2 plateaux et devient ovale. Les plateaux sont plaqu\u00e9s. Les plateaux sont plaqu\u00e9s, ce qui permet de les soulever facilement.\r\n\r\nP\u00e9riode de conception : 1950-1960\r\nStyle : Mid century modern, scandinavian design\r\nCondition : En bon \u00e9tat, traces minimes d'utilisation.\r\nDimensions de la table\r\nDiam\u00e8tre : 117 cm\r\nD\u00e9pli\u00e9 avec 1 plateau : 167 cm\r\nD\u00e9ploy\u00e9 avec 2 feuilles : 217 cm\r\nHauteur : 72 cm","protected":false},"featured_media":10161,"template":"","meta":{"_acf_changed":false},"product_brand":[],"product_cat":[103],"product_tag":[],"class_list":{"0":"post-10159","1":"product","2":"type-product","3":"status-publish","4":"has-post-thumbnail","6":"product_cat-archief","7":"product_shipping_class-koerier","9":"first","10":"outofstock","11":"shipping-taxable","12":"product-type-simple"},"composite_virtual":false,"composite_layout":"","composite_add_to_cart_form_location":"","composite_editable_in_cart":false,"composite_sold_individually_context":"","composite_shop_price_calc":"","composite_components":[],"composite_scenarios":[],"exclude_global_add_ons":[],"addons":[],"acf":[],"yoast_head":null,"yoast_head_json":null,"_links":{"self":[{"href":"https:\/\/www.charmig.nl\/fr\/wp-json\/wp\/v2\/product\/10159","targetHints":{"allow":["GET"]}}],"collection":[{"href":"https:\/\/www.charmig.nl\/fr\/wp-json\/wp\/v2\/product"}],"about":[{"href":"https:\/\/www.charmig.nl\/fr\/wp-json\/wp\/v2\/types\/product"}],"wp:featuredmedia":[{"embeddable":true,"href":"https:\/\/www.charmig.nl\/fr\/wp-json\/wp\/v2\/media\/10161"}],"wp:attachment":[{"href":"https:\/\/www.charmig.nl\/fr\/wp-json\/wp\/v2\/media?parent=10159"}],"wp:term":[{"taxonomy":"product_brand","embeddable":true,"href":"https:\/\/www.charmig.nl\/fr\/wp-json\/wp\/v2\/product_brand?post=10159"},{"taxonomy":"product_cat","embeddable":true,"href":"https:\/\/www.charmig.nl\/fr\/wp-json\/wp\/v2\/product_cat?post=10159"},{"taxonomy":"product_tag","embeddable":true,"href":"https:\/\/www.charmig.nl\/fr\/wp-json\/wp\/v2\/product_tag?post=10159"}],"curies":[{"name":"wp","href":"https:\/\/api.w.org\/{rel}","templated":true}]}}