{"id":10181,"date":"2023-11-02T15:55:20","date_gmt":"2023-11-02T14:55:20","guid":{"rendered":"https:\/\/www.charmig.nl\/?post_type=product&#038;p=10181"},"modified":"2026-04-23T09:35:43","modified_gmt":"2026-04-23T07:35:43","slug":"6-niels-otto-moller-model-75-papercord-teak-restaure","status":"publish","type":"product","link":"https:\/\/www.charmig.nl\/fr\/product\/archief\/6-niels-otto-moller-model-75-papercord-teak-gerestaureerd\/","title":{"rendered":"6 Niels Otto M\u00f8ller | Mod\u00e8le 75 | Papercord | Teck | Restaur\u00e9"},"content":{"rendered":"","protected":false},"excerpt":{"rendered":"Num\u00e9ro d'article : 210969\r\n\r\nEnsemble de 6 magnifiques chaises de salle \u00e0 manger vintage danoises. Ces chaises ont \u00e9t\u00e9 con\u00e7ues par Niels Otto M\u00f8ller. Les chaises sont finies en teck et \u00e9quip\u00e9es de nouveaux cordons en papier.\r\n\r\n    P\u00e9riode de conception : 1950 - 1960\r\n    Style : moderne du milieu du si\u00e8cle - design danois - design scandinave\r\n    Mat\u00e9riau : Teck, Papercord\r\n    \u00c9tat : restaur\u00e9, les cadres sont v\u00e9rifi\u00e9s et les si\u00e8ges sont recouverts d'un nouveau cordon en papier.\r\n    Designer : Niels Otto M\u00f8ller\r\n\r\nDimensions : Hauteur : 75 cm :\r\nHauteur : 75 cm\r\nHauteur de l'assise : 45 cm\r\nLargeur : 50 cm\r\nProfondeur : 48 cm","protected":false},"featured_media":10186,"template":"","meta":{"_acf_changed":false},"product_brand":[],"product_cat":[103],"product_tag":[],"class_list":{"0":"post-10181","1":"product","2":"type-product","3":"status-publish","4":"has-post-thumbnail","6":"product_cat-archief","7":"product_shipping_class-koerier","9":"first","10":"outofstock","11":"shipping-taxable","12":"product-type-simple"},"composite_virtual":false,"composite_layout":"","composite_add_to_cart_form_location":"","composite_editable_in_cart":false,"composite_sold_individually_context":"","composite_shop_price_calc":"","composite_components":[],"composite_scenarios":[],"exclude_global_add_ons":[],"addons":[],"acf":[],"yoast_head":null,"yoast_head_json":null,"_links":{"self":[{"href":"https:\/\/www.charmig.nl\/fr\/wp-json\/wp\/v2\/product\/10181","targetHints":{"allow":["GET"]}}],"collection":[{"href":"https:\/\/www.charmig.nl\/fr\/wp-json\/wp\/v2\/product"}],"about":[{"href":"https:\/\/www.charmig.nl\/fr\/wp-json\/wp\/v2\/types\/product"}],"wp:featuredmedia":[{"embeddable":true,"href":"https:\/\/www.charmig.nl\/fr\/wp-json\/wp\/v2\/media\/10186"}],"wp:attachment":[{"href":"https:\/\/www.charmig.nl\/fr\/wp-json\/wp\/v2\/media?parent=10181"}],"wp:term":[{"taxonomy":"product_brand","embeddable":true,"href":"https:\/\/www.charmig.nl\/fr\/wp-json\/wp\/v2\/product_brand?post=10181"},{"taxonomy":"product_cat","embeddable":true,"href":"https:\/\/www.charmig.nl\/fr\/wp-json\/wp\/v2\/product_cat?post=10181"},{"taxonomy":"product_tag","embeddable":true,"href":"https:\/\/www.charmig.nl\/fr\/wp-json\/wp\/v2\/product_tag?post=10181"}],"curies":[{"name":"wp","href":"https:\/\/api.w.org\/{rel}","templated":true}]}}