{"id":10232,"date":"2023-11-03T17:02:36","date_gmt":"2023-11-03T16:02:36","guid":{"rendered":"https:\/\/www.charmig.nl\/?post_type=product&#038;p=10232"},"modified":"2026-04-23T09:35:44","modified_gmt":"2026-04-23T07:35:44","slug":"vintage-ole-wanscher-senator-cado","status":"publish","type":"product","link":"https:\/\/www.charmig.nl\/fr\/product\/archief\/vintage-ole-wanscher-2-zitsbank-senator\/","title":{"rendered":"Canap\u00e9 2 places vintage Ole Wanscher Senator"},"content":{"rendered":"","protected":false},"excerpt":{"rendered":"Num\u00e9ro d'article : 210967\r\n\r\nMagnifique canap\u00e9 vintage, le canap\u00e9 2 places a \u00e9t\u00e9 con\u00e7u par Ole Wanscher et produit par Cado. Ce canap\u00e9 s'appelait Senator. Un fauteuil assorti est \u00e9galement disponible pour faire un bel ensemble. Le canap\u00e9 est en bon \u00e9tat, aussi bien les boiseries que les coussins. Le cuir a une certaine patine, ce qui correspond \u00e0 son \u00e2ge.\r\n\r\nP\u00e9riode de cr\u00e9ation : ann\u00e9es 1960\r\nStyle : Vintage, Design danois\r\nMat\u00e9riau : Cuir\r\nCondition : En bon \u00e9tat vintage. Le cuir pr\u00e9sente des signes d'utilisation.\r\n\r\nDimensions :\r\n\r\nLargeur : 124 cm\r\nProfondeur : 75 cm\r\nHauteur : 80 cm\r\nHauteur du si\u00e8ge : 44 cm","protected":false},"featured_media":10241,"template":"","meta":{"_acf_changed":false},"product_brand":[],"product_cat":[103],"product_tag":[],"class_list":{"0":"post-10232","1":"product","2":"type-product","3":"status-publish","4":"has-post-thumbnail","6":"product_cat-archief","7":"product_shipping_class-koerier","9":"first","10":"outofstock","11":"shipping-taxable","12":"product-type-simple"},"composite_virtual":false,"composite_layout":"","composite_add_to_cart_form_location":"","composite_editable_in_cart":false,"composite_sold_individually_context":"","composite_shop_price_calc":"","composite_components":[],"composite_scenarios":[],"exclude_global_add_ons":[],"addons":[],"acf":[],"yoast_head":null,"yoast_head_json":null,"_links":{"self":[{"href":"https:\/\/www.charmig.nl\/fr\/wp-json\/wp\/v2\/product\/10232","targetHints":{"allow":["GET"]}}],"collection":[{"href":"https:\/\/www.charmig.nl\/fr\/wp-json\/wp\/v2\/product"}],"about":[{"href":"https:\/\/www.charmig.nl\/fr\/wp-json\/wp\/v2\/types\/product"}],"wp:featuredmedia":[{"embeddable":true,"href":"https:\/\/www.charmig.nl\/fr\/wp-json\/wp\/v2\/media\/10241"}],"wp:attachment":[{"href":"https:\/\/www.charmig.nl\/fr\/wp-json\/wp\/v2\/media?parent=10232"}],"wp:term":[{"taxonomy":"product_brand","embeddable":true,"href":"https:\/\/www.charmig.nl\/fr\/wp-json\/wp\/v2\/product_brand?post=10232"},{"taxonomy":"product_cat","embeddable":true,"href":"https:\/\/www.charmig.nl\/fr\/wp-json\/wp\/v2\/product_cat?post=10232"},{"taxonomy":"product_tag","embeddable":true,"href":"https:\/\/www.charmig.nl\/fr\/wp-json\/wp\/v2\/product_tag?post=10232"}],"curies":[{"name":"wp","href":"https:\/\/api.w.org\/{rel}","templated":true}]}}