{"id":10282,"date":"2023-11-05T12:25:10","date_gmt":"2023-11-05T11:25:10","guid":{"rendered":"https:\/\/www.charmig.nl\/?post_type=product&#038;p=10282"},"modified":"2026-04-23T09:35:45","modified_gmt":"2026-04-23T07:35:45","slug":"vintage-highboard-bramin-124-cm","status":"publish","type":"product","link":"https:\/\/www.charmig.nl\/fr\/produit\/archives\/vintage-highboard-bramin-124-cm\/","title":{"rendered":"Armoire vintage | Highboard danois | portes coulissantes | Bramin 124 CM"},"content":{"rendered":"","protected":false},"excerpt":{"rendered":"Num\u00e9ro d'article : 210970\r\n\r\nCe meuble haut danois se distingue notamment par le beau design de sa base et de ses portes coulissantes. La qualit\u00e9 danoise est imm\u00e9diatement perceptible. Le teck a une belle couleur claire, qui s'harmonise avec de nombreux int\u00e9rieurs diff\u00e9rents.\r\n\r\n    P\u00e9riode de conception : 1950 - 1960\r\n    Style : moderne du milieu du si\u00e8cle - design scandinave - design danois\r\n    Mat\u00e9riau : Teck (placage)\r\n    \u00c9tat : en bon \u00e9tat\r\n    Pays d'origine : Danemark\r\n    Designer : H.W. Klein\r\n    Fabricant : Bramin (marqu\u00e9)","protected":false},"featured_media":10283,"template":"","meta":{"_acf_changed":false},"product_brand":[],"product_cat":[103],"product_tag":[],"class_list":{"0":"post-10282","1":"product","2":"type-product","3":"status-publish","4":"has-post-thumbnail","6":"product_cat-archief","7":"product_shipping_class-koerier","9":"first","10":"outofstock","11":"shipping-taxable","12":"product-type-simple"},"composite_virtual":false,"composite_layout":"","composite_add_to_cart_form_location":"","composite_editable_in_cart":false,"composite_sold_individually_context":"","composite_shop_price_calc":"","composite_components":[],"composite_scenarios":[],"exclude_global_add_ons":[],"addons":[],"acf":[],"yoast_head":null,"yoast_head_json":null,"_links":{"self":[{"href":"https:\/\/www.charmig.nl\/fr\/wp-json\/wp\/v2\/product\/10282","targetHints":{"allow":["GET"]}}],"collection":[{"href":"https:\/\/www.charmig.nl\/fr\/wp-json\/wp\/v2\/product"}],"about":[{"href":"https:\/\/www.charmig.nl\/fr\/wp-json\/wp\/v2\/types\/product"}],"wp:featuredmedia":[{"embeddable":true,"href":"https:\/\/www.charmig.nl\/fr\/wp-json\/wp\/v2\/media\/10283"}],"wp:attachment":[{"href":"https:\/\/www.charmig.nl\/fr\/wp-json\/wp\/v2\/media?parent=10282"}],"wp:term":[{"taxonomy":"product_brand","embeddable":true,"href":"https:\/\/www.charmig.nl\/fr\/wp-json\/wp\/v2\/product_brand?post=10282"},{"taxonomy":"product_cat","embeddable":true,"href":"https:\/\/www.charmig.nl\/fr\/wp-json\/wp\/v2\/product_cat?post=10282"},{"taxonomy":"product_tag","embeddable":true,"href":"https:\/\/www.charmig.nl\/fr\/wp-json\/wp\/v2\/product_tag?post=10282"}],"curies":[{"name":"wp","href":"https:\/\/api.w.org\/{rel}","templated":true}]}}