{"id":10404,"date":"2023-11-09T12:12:32","date_gmt":"2023-11-09T11:12:32","guid":{"rendered":"https:\/\/www.charmig.nl\/?post_type=product&#038;p=10404"},"modified":"2026-04-23T09:35:45","modified_gmt":"2026-04-23T07:35:45","slug":"vintage-dressoir-leo-bub-bub-wertmobel-1960s-gevlochten-teak-fineer","status":"publish","type":"product","link":"https:\/\/www.charmig.nl\/fr\/product\/archief\/vintage-dressoir-leo-bub-bub-wertmobel-1960s-gevlochten-teak-fineer\/","title":{"rendered":"Buffet vintage | Leo Bub | BUB Wertm\u00f6bel | 1960s | Placage de teck tress\u00e9"},"content":{"rendered":"","protected":false},"excerpt":{"rendered":"Num\u00e9ro d'article : 210956\r\n\r\nTr\u00e8s rare et grand buffet con\u00e7u par Leo Bub pour BUB Wertm\u00f6bel dans les ann\u00e9es 1960. Les portes du buffet sont en placage de teck tress\u00e9, ce qui lui conf\u00e8re un aspect tr\u00e8s particulier. Ce meuble vintage attirera tous les regards dans n'importe quel int\u00e9rieur !\r\n\r\nP\u00e9riode de cr\u00e9ation : 1950-1960\r\nStyle : moderne du milieu du si\u00e8cle, design vintage\r\nMat\u00e9riau : Placage de teck, noyer\r\nCondition : En bon \u00e9tat, petite r\u00e9paration sur le dessus\r\nDesigner : Leo Bub pour BUB Wertm\u00f6bel\r\n\r\nDimensions : Largeur : 250 cm\r\nLargeur : 250 cm\r\nHauteur : 78 cm\r\nProfondeur : 41 cm","protected":false},"featured_media":10407,"template":"","meta":{"_acf_changed":false},"product_brand":[],"product_cat":[103],"product_tag":[],"class_list":{"0":"post-10404","1":"product","2":"type-product","3":"status-publish","4":"has-post-thumbnail","6":"product_cat-archief","7":"product_shipping_class-koerier","9":"first","10":"outofstock","11":"shipping-taxable","12":"product-type-simple"},"composite_virtual":false,"composite_layout":"","composite_add_to_cart_form_location":"","composite_editable_in_cart":false,"composite_sold_individually_context":"","composite_shop_price_calc":"","composite_components":[],"composite_scenarios":[],"exclude_global_add_ons":[],"addons":[],"acf":[],"yoast_head":null,"yoast_head_json":null,"_links":{"self":[{"href":"https:\/\/www.charmig.nl\/fr\/wp-json\/wp\/v2\/product\/10404","targetHints":{"allow":["GET"]}}],"collection":[{"href":"https:\/\/www.charmig.nl\/fr\/wp-json\/wp\/v2\/product"}],"about":[{"href":"https:\/\/www.charmig.nl\/fr\/wp-json\/wp\/v2\/types\/product"}],"wp:featuredmedia":[{"embeddable":true,"href":"https:\/\/www.charmig.nl\/fr\/wp-json\/wp\/v2\/media\/10407"}],"wp:attachment":[{"href":"https:\/\/www.charmig.nl\/fr\/wp-json\/wp\/v2\/media?parent=10404"}],"wp:term":[{"taxonomy":"product_brand","embeddable":true,"href":"https:\/\/www.charmig.nl\/fr\/wp-json\/wp\/v2\/product_brand?post=10404"},{"taxonomy":"product_cat","embeddable":true,"href":"https:\/\/www.charmig.nl\/fr\/wp-json\/wp\/v2\/product_cat?post=10404"},{"taxonomy":"product_tag","embeddable":true,"href":"https:\/\/www.charmig.nl\/fr\/wp-json\/wp\/v2\/product_tag?post=10404"}],"curies":[{"name":"wp","href":"https:\/\/api.w.org\/{rel}","templated":true}]}}