{"id":10538,"date":"2023-11-16T11:40:16","date_gmt":"2023-11-16T10:40:16","guid":{"rendered":"https:\/\/www.charmig.nl\/?post_type=product&#038;p=10538"},"modified":"2026-04-23T09:35:46","modified_gmt":"2026-04-23T07:35:46","slug":"vintage-eettafel-h-w-klein-bramin-teak-uitschuifbaar-1960s-2","status":"publish","type":"product","link":"https:\/\/www.charmig.nl\/fr\/product\/archief\/vintage-eettafel-h-w-klein-bramin-teak-uitschuifbaar-1960s-2\/","title":{"rendered":"Table de salle \u00e0 manger vintage | H.W. Klein | Bramin | Teck | extensible | 1960s"},"content":{"rendered":"","protected":false},"excerpt":{"rendered":"Num\u00e9ro d'article : 210958\r\n\r\nCette magnifique table de salle \u00e0 manger danoise a \u00e9t\u00e9 con\u00e7ue par H.W. Klein pour Bramin et attire imm\u00e9diatement l'attention par son design \u00e9pur\u00e9 et ses magnifiques joints en bois aux coins de la table. La table est disponible en set avec 6 chaises de salle \u00e0 manger assorties.\r\n\r\nP\u00e9riode de cr\u00e9ation : 1950-1960\r\nStyle : Mid century modern, scandinavian design\r\n\u00c9tat : En bon \u00e9tat vintage.\r\nPays d'origine : Danemark\r\n\r\nDimensions : Longueur 134 cm (avec \u00e9tag\u00e8re interm\u00e9diaire 194 cm) :\r\nLongueur 134 cm (avec \u00e9tag\u00e8re interm\u00e9diaire 194 cm)\r\nProfondeur : 90 cm\r\nHauteur : 72 cm","protected":false},"featured_media":10533,"template":"","meta":{"_acf_changed":false},"product_brand":[],"product_cat":[103],"product_tag":[],"class_list":{"0":"post-10538","1":"product","2":"type-product","3":"status-publish","4":"has-post-thumbnail","6":"product_cat-archief","7":"product_shipping_class-koerier","9":"first","10":"outofstock","11":"shipping-taxable","12":"product-type-simple"},"composite_virtual":false,"composite_layout":"","composite_add_to_cart_form_location":"","composite_editable_in_cart":false,"composite_sold_individually_context":"","composite_shop_price_calc":"","composite_components":[],"composite_scenarios":[],"exclude_global_add_ons":[],"addons":[],"acf":[],"yoast_head":null,"yoast_head_json":null,"_links":{"self":[{"href":"https:\/\/www.charmig.nl\/fr\/wp-json\/wp\/v2\/product\/10538","targetHints":{"allow":["GET"]}}],"collection":[{"href":"https:\/\/www.charmig.nl\/fr\/wp-json\/wp\/v2\/product"}],"about":[{"href":"https:\/\/www.charmig.nl\/fr\/wp-json\/wp\/v2\/types\/product"}],"wp:featuredmedia":[{"embeddable":true,"href":"https:\/\/www.charmig.nl\/fr\/wp-json\/wp\/v2\/media\/10533"}],"wp:attachment":[{"href":"https:\/\/www.charmig.nl\/fr\/wp-json\/wp\/v2\/media?parent=10538"}],"wp:term":[{"taxonomy":"product_brand","embeddable":true,"href":"https:\/\/www.charmig.nl\/fr\/wp-json\/wp\/v2\/product_brand?post=10538"},{"taxonomy":"product_cat","embeddable":true,"href":"https:\/\/www.charmig.nl\/fr\/wp-json\/wp\/v2\/product_cat?post=10538"},{"taxonomy":"product_tag","embeddable":true,"href":"https:\/\/www.charmig.nl\/fr\/wp-json\/wp\/v2\/product_tag?post=10538"}],"curies":[{"name":"wp","href":"https:\/\/api.w.org\/{rel}","templated":true}]}}