{"id":10647,"date":"2023-11-17T13:58:03","date_gmt":"2023-11-17T12:58:03","guid":{"rendered":"https:\/\/www.charmig.nl\/?post_type=product&#038;p=10647"},"modified":"2026-02-24T09:01:09","modified_gmt":"2026-02-24T08:01:09","slug":"vintage-teak-off-white-relax-fauteuil-john-bone","status":"publish","type":"product","link":"https:\/\/www.charmig.nl\/fr\/produit\/archives\/vintage-teak-off-white-relax-fauteuil-john-bone\/","title":{"rendered":"Fauteuil relax vintage | Teck | 3 positions | John Bon\u00e9"},"content":{"rendered":"","protected":false},"excerpt":{"rendered":"Artikelnummer: 210962\r\n\r\nPrachtige vintage relax fauteuil, de fauteuil is ontworpen door John Bon\u00e9. De fauteuil is in drie standen te verstellen waardoor je er heerlijk in kunt zitten. De stoel is voorzien van nieuwe vulling en schitterende stof. Off-white boucle. Verder verkeert het frame in een mooie staat, hier een daar wat sporen van gebruik.\r\n\r\nOntwerp periode: 1960s\r\nStijl: Vintage, Deens Design\r\nMateriaal: teak, stof\r\nConditie: In goede vintage staat.\r\n\r\nDe afmetingen:\r\n\r\nBreedte: 70 cm\r\nDiepte: 85 cm\r\nHoogte: 97 cm\r\nZithoogte: 40 cm\r\n\r\n<em>\r\nLes articles de la vente d'\u00e9t\u00e9 ne peuvent pas \u00eatre retourn\u00e9s.<\/em>","protected":false},"featured_media":10648,"template":"","meta":{"_acf_changed":false},"product_brand":[],"product_cat":[103],"product_tag":[539],"class_list":{"0":"post-10647","1":"product","2":"type-product","3":"status-publish","4":"has-post-thumbnail","6":"product_cat-archief","7":"product_tag-verkocht","8":"product_shipping_class-koerier","10":"first","11":"outofstock","12":"shipping-taxable","13":"product-type-simple"},"composite_virtual":false,"composite_layout":"","composite_add_to_cart_form_location":"","composite_editable_in_cart":false,"composite_sold_individually_context":"","composite_shop_price_calc":"","composite_components":[],"composite_scenarios":[],"exclude_global_add_ons":[],"addons":[],"acf":[],"yoast_head":null,"yoast_head_json":null,"_links":{"self":[{"href":"https:\/\/www.charmig.nl\/fr\/wp-json\/wp\/v2\/product\/10647","targetHints":{"allow":["GET"]}}],"collection":[{"href":"https:\/\/www.charmig.nl\/fr\/wp-json\/wp\/v2\/product"}],"about":[{"href":"https:\/\/www.charmig.nl\/fr\/wp-json\/wp\/v2\/types\/product"}],"wp:featuredmedia":[{"embeddable":true,"href":"https:\/\/www.charmig.nl\/fr\/wp-json\/wp\/v2\/media\/10648"}],"wp:attachment":[{"href":"https:\/\/www.charmig.nl\/fr\/wp-json\/wp\/v2\/media?parent=10647"}],"wp:term":[{"taxonomy":"product_brand","embeddable":true,"href":"https:\/\/www.charmig.nl\/fr\/wp-json\/wp\/v2\/product_brand?post=10647"},{"taxonomy":"product_cat","embeddable":true,"href":"https:\/\/www.charmig.nl\/fr\/wp-json\/wp\/v2\/product_cat?post=10647"},{"taxonomy":"product_tag","embeddable":true,"href":"https:\/\/www.charmig.nl\/fr\/wp-json\/wp\/v2\/product_tag?post=10647"}],"curies":[{"name":"wp","href":"https:\/\/api.w.org\/{rel}","templated":true}]}}