{"id":10904,"date":"2023-11-24T12:11:26","date_gmt":"2023-11-24T11:11:26","guid":{"rendered":"https:\/\/www.charmig.nl\/?post_type=product&#038;p=10904"},"modified":"2026-04-23T09:35:49","modified_gmt":"2026-04-23T07:35:49","slug":"tafellamp-limburg-glas-wit-vintage","status":"publish","type":"product","link":"https:\/\/www.charmig.nl\/fr\/produit\/archives\/tafellamp-limburg-glas-wit-vintage\/","title":{"rendered":"Lampe \u00e0 poser | Limbourg | Verre | Blanc | Vintage"},"content":{"rendered":"","protected":false},"excerpt":{"rendered":"Num\u00e9ro d'article : 210988\r\n\r\nMagnifique lampe blanche des ann\u00e9es 70 de Limburg lamps avec pied en verre blanc d\u00e9poli. La lampe de table a une base en verre, dans la base se trouve la premi\u00e8re source de lumi\u00e8re. Il y a 2 sources lumineuses sous l'abat-jour.\r\n\r\nLa base de la lampe est en tr\u00e8s bon \u00e9tat. Il y a plusieurs taches dans l'abat-jour et un trou dans le tissu.\r\n\r\nDimensions de la lampe :\r\nHauteur : 74 cm\r\nDiam\u00e8tre : 41 cm\r\n\r\nP\u00e9riode de cr\u00e9ation : 1970 - 1980\r\nStyle : moderne du milieu du si\u00e8cle\r\nCr\u00e9ateur : Limburg\r\nMat\u00e9riau : Verre\r\nCondition : Condition vintage, d\u00e9coloration dans l'ombre","protected":false},"featured_media":10907,"template":"","meta":{"_acf_changed":false},"product_brand":[],"product_cat":[103],"product_tag":[],"class_list":{"0":"post-10904","1":"product","2":"type-product","3":"status-publish","4":"has-post-thumbnail","6":"product_cat-archief","7":"product_shipping_class-groot-pakket","9":"first","10":"outofstock","11":"shipping-taxable","12":"purchasable","13":"product-type-simple"},"composite_virtual":false,"composite_layout":"","composite_add_to_cart_form_location":"","composite_editable_in_cart":false,"composite_sold_individually_context":"","composite_shop_price_calc":"","composite_components":[],"composite_scenarios":[],"exclude_global_add_ons":[],"addons":[],"acf":[],"yoast_head":null,"yoast_head_json":null,"_links":{"self":[{"href":"https:\/\/www.charmig.nl\/fr\/wp-json\/wp\/v2\/product\/10904","targetHints":{"allow":["GET"]}}],"collection":[{"href":"https:\/\/www.charmig.nl\/fr\/wp-json\/wp\/v2\/product"}],"about":[{"href":"https:\/\/www.charmig.nl\/fr\/wp-json\/wp\/v2\/types\/product"}],"wp:featuredmedia":[{"embeddable":true,"href":"https:\/\/www.charmig.nl\/fr\/wp-json\/wp\/v2\/media\/10907"}],"wp:attachment":[{"href":"https:\/\/www.charmig.nl\/fr\/wp-json\/wp\/v2\/media?parent=10904"}],"wp:term":[{"taxonomy":"product_brand","embeddable":true,"href":"https:\/\/www.charmig.nl\/fr\/wp-json\/wp\/v2\/product_brand?post=10904"},{"taxonomy":"product_cat","embeddable":true,"href":"https:\/\/www.charmig.nl\/fr\/wp-json\/wp\/v2\/product_cat?post=10904"},{"taxonomy":"product_tag","embeddable":true,"href":"https:\/\/www.charmig.nl\/fr\/wp-json\/wp\/v2\/product_tag?post=10904"}],"curies":[{"name":"wp","href":"https:\/\/api.w.org\/{rel}","templated":true}]}}