{"id":10917,"date":"2023-11-24T14:26:29","date_gmt":"2023-11-24T13:26:29","guid":{"rendered":"https:\/\/www.charmig.nl\/?post_type=product&#038;p=10917"},"modified":"2026-04-23T09:35:49","modified_gmt":"2026-04-23T07:35:49","slug":"vintage-tafellampje-glas-peill-putzler","status":"publish","type":"product","link":"https:\/\/www.charmig.nl\/fr\/product\/archief\/vintage-tafellampje-glas-peill-putzler\/","title":{"rendered":"Lampe de table vintage | Verre | Peill &amp; Putzler"},"content":{"rendered":"","protected":false},"excerpt":{"rendered":"Num\u00e9ro d'article : 210872\r\n\r\nMagnifique lampe de table de Peill &amp; Putzler des ann\u00e9es 1970. La forme hexagonale et la combinaison de verre clair et d\u00e9poli font de cette lampe un joyau pour votre maison ! La lampe donne un bel effet lorsqu'elle est allum\u00e9e. La lampe est livr\u00e9e avec une source lumineuse. Une belle trouvaille, y compris l'emballage d'origine.\r\n\r\nIl y a 3 pi\u00e8ces disponibles, le prix est par pi\u00e8ce.\r\n \r\nDimensions de la lampe :\r\nHauteur : 11 cm\r\nDiam\u00e8tre : 12 cm\r\n\r\nRaccord : E14\r\n\r\n    P\u00e9riode de conception : 1970 - 1980\r\n    Style : moderne du milieu du si\u00e8cle\r\n    Cr\u00e9ateur : Peill &amp; Putzler\r\n    Mat\u00e9riau : Verre\r\n    Condition : Tr\u00e8s bon \u00e9tat vintage, pas d'\u00e9clats dans l'huile de verre","protected":false},"featured_media":10920,"template":"","meta":{"_acf_changed":false},"product_brand":[],"product_cat":[103],"product_tag":[],"class_list":{"0":"post-10917","1":"product","2":"type-product","3":"status-publish","4":"has-post-thumbnail","6":"product_cat-archief","7":"product_shipping_class-klein-pakket","9":"first","10":"outofstock","11":"shipping-taxable","12":"purchasable","13":"product-type-simple"},"composite_virtual":false,"composite_layout":"","composite_add_to_cart_form_location":"","composite_editable_in_cart":false,"composite_sold_individually_context":"","composite_shop_price_calc":"","composite_components":[],"composite_scenarios":[],"exclude_global_add_ons":[],"addons":[],"acf":[],"yoast_head":null,"yoast_head_json":null,"_links":{"self":[{"href":"https:\/\/www.charmig.nl\/fr\/wp-json\/wp\/v2\/product\/10917","targetHints":{"allow":["GET"]}}],"collection":[{"href":"https:\/\/www.charmig.nl\/fr\/wp-json\/wp\/v2\/product"}],"about":[{"href":"https:\/\/www.charmig.nl\/fr\/wp-json\/wp\/v2\/types\/product"}],"wp:featuredmedia":[{"embeddable":true,"href":"https:\/\/www.charmig.nl\/fr\/wp-json\/wp\/v2\/media\/10920"}],"wp:attachment":[{"href":"https:\/\/www.charmig.nl\/fr\/wp-json\/wp\/v2\/media?parent=10917"}],"wp:term":[{"taxonomy":"product_brand","embeddable":true,"href":"https:\/\/www.charmig.nl\/fr\/wp-json\/wp\/v2\/product_brand?post=10917"},{"taxonomy":"product_cat","embeddable":true,"href":"https:\/\/www.charmig.nl\/fr\/wp-json\/wp\/v2\/product_cat?post=10917"},{"taxonomy":"product_tag","embeddable":true,"href":"https:\/\/www.charmig.nl\/fr\/wp-json\/wp\/v2\/product_tag?post=10917"}],"curies":[{"name":"wp","href":"https:\/\/api.w.org\/{rel}","templated":true}]}}