{"id":11011,"date":"2023-11-30T15:33:07","date_gmt":"2023-11-30T14:33:07","guid":{"rendered":"https:\/\/www.charmig.nl\/?post_type=product&#038;p=11011"},"modified":"2026-02-24T09:01:11","modified_gmt":"2026-02-24T08:01:11","slug":"vintage-dressoir-notenhout-strak-design-240-cm","status":"publish","type":"product","link":"https:\/\/www.charmig.nl\/fr\/produit\/archives\/vintage-dressoir-notenhout-strak-design-240-cm\/","title":{"rendered":"Buffet vintage | Noyer | Design \u00e9pur\u00e9 | 240 cm"},"content":{"rendered":"","protected":false},"excerpt":{"rendered":"Num\u00e9ro d'article : 210984\r\n\r\nMagnifique grand buffet vintage dans une belle teinte de noyer qui donne une atmosph\u00e8re instantan\u00e9e \u00e0 la maison. Ce meuble vintage peut parfaitement \u00eatre utilis\u00e9 comme meuble TV. Le meuble offre beaucoup d'espace de rangement gr\u00e2ce aux 3 portes ouvrantes et aux 3 tiroirs. Le meuble a un design \u00e9l\u00e9gant, en partie gr\u00e2ce aux tiroirs sans poign\u00e9e.\r\n\r\nP\u00e9riode de cr\u00e9ation : 1950-1960\r\nStyle : Moderne du milieu du si\u00e8cle\r\nMat\u00e9riau : Noyer\r\n\u00c9tat : Tr\u00e8s bon \u00e9tat vintage\r\nDesigner : inconnu\r\n\r\nLes dimensions\r\nLargeur : 240 cm\r\nProfondeur : 44 cm\r\nHauteur : 80 cm","protected":false},"featured_media":11013,"template":"","meta":{"_acf_changed":false},"product_brand":[],"product_cat":[103],"product_tag":[],"class_list":{"0":"post-11011","1":"product","2":"type-product","3":"status-publish","4":"has-post-thumbnail","6":"product_cat-archief","7":"product_shipping_class-koerier","9":"first","10":"outofstock","11":"shipping-taxable","12":"product-type-simple"},"composite_virtual":false,"composite_layout":"","composite_add_to_cart_form_location":"","composite_editable_in_cart":false,"composite_sold_individually_context":"","composite_shop_price_calc":"","composite_components":[],"composite_scenarios":[],"exclude_global_add_ons":[],"addons":[],"acf":[],"yoast_head":null,"yoast_head_json":null,"_links":{"self":[{"href":"https:\/\/www.charmig.nl\/fr\/wp-json\/wp\/v2\/product\/11011","targetHints":{"allow":["GET"]}}],"collection":[{"href":"https:\/\/www.charmig.nl\/fr\/wp-json\/wp\/v2\/product"}],"about":[{"href":"https:\/\/www.charmig.nl\/fr\/wp-json\/wp\/v2\/types\/product"}],"wp:featuredmedia":[{"embeddable":true,"href":"https:\/\/www.charmig.nl\/fr\/wp-json\/wp\/v2\/media\/11013"}],"wp:attachment":[{"href":"https:\/\/www.charmig.nl\/fr\/wp-json\/wp\/v2\/media?parent=11011"}],"wp:term":[{"taxonomy":"product_brand","embeddable":true,"href":"https:\/\/www.charmig.nl\/fr\/wp-json\/wp\/v2\/product_brand?post=11011"},{"taxonomy":"product_cat","embeddable":true,"href":"https:\/\/www.charmig.nl\/fr\/wp-json\/wp\/v2\/product_cat?post=11011"},{"taxonomy":"product_tag","embeddable":true,"href":"https:\/\/www.charmig.nl\/fr\/wp-json\/wp\/v2\/product_tag?post=11011"}],"curies":[{"name":"wp","href":"https:\/\/api.w.org\/{rel}","templated":true}]}}