{"id":11098,"date":"2023-12-01T15:42:42","date_gmt":"2023-12-01T14:42:42","guid":{"rendered":"https:\/\/www.charmig.nl\/?post_type=product&#038;p=11098"},"modified":"2026-02-24T09:01:12","modified_gmt":"2026-02-24T08:01:12","slug":"vintage-boekenplank-wandplank-walter-wirz-wilhem-renz-100-cm","status":"publish","type":"product","link":"https:\/\/www.charmig.nl\/fr\/produit\/archives\/vintage-boekenplank-wandplank-walter-wirz-wilhem-renz-100-cm\/","title":{"rendered":"Biblioth\u00e8que vintage | Etag\u00e8re murale | Walter Wirz | Wilhem Renz | 100 cm"},"content":{"rendered":"","protected":false},"excerpt":{"rendered":"Num\u00e9ro d'article : 210882\r\n\r\n\u00c9tag\u00e8re murale tr\u00e8s attrayante et \u00e9l\u00e9gante. Le profil en U \u00e9pur\u00e9 a \u00e9t\u00e9 con\u00e7u par Walter Wirz pour Wilhelm Renz. Gr\u00e2ce \u00e0 la fixation, l'\u00e9tag\u00e8re est presque \"flottante\" sur le mur. Malheureusement, l'\u00e9tag\u00e8re a subi un d\u00e9g\u00e2t des eaux. Celui-ci a \u00e9t\u00e9 r\u00e9par\u00e9. Elle ne manque cependant pas de robustesse !\r\n\r\nP\u00e9riode de cr\u00e9ation : 1950 - 1960\r\nStyle : moderne du milieu du si\u00e8cle, design scandinave\r\nMat\u00e9riau : Teck\r\nCondition : \u00e9tat vintage, voir photos\r\nDesigner : Walter Wirz\r\nMarque : Wilhem Renz\r\n\r\nDimensions : Largeur : 100 cm\r\nLargeur : 100 cm\r\nHauteur : 27 cm\r\nProfondeur : 20 cm\r\n\r\n<em>\r\nLes articles de la vente d'\u00e9t\u00e9 ne peuvent pas \u00eatre retourn\u00e9s.<\/em>","protected":false},"featured_media":11101,"template":"","meta":{"_acf_changed":false},"product_brand":[],"product_cat":[103],"product_tag":[],"class_list":{"0":"post-11098","1":"product","2":"type-product","3":"status-publish","4":"has-post-thumbnail","6":"product_cat-archief","7":"product_shipping_class-groot-pakket","9":"first","10":"outofstock","11":"shipping-taxable","12":"product-type-simple"},"composite_virtual":false,"composite_layout":"","composite_add_to_cart_form_location":"","composite_editable_in_cart":false,"composite_sold_individually_context":"","composite_shop_price_calc":"","composite_components":[],"composite_scenarios":[],"exclude_global_add_ons":[],"addons":[],"acf":[],"yoast_head":null,"yoast_head_json":null,"_links":{"self":[{"href":"https:\/\/www.charmig.nl\/fr\/wp-json\/wp\/v2\/product\/11098","targetHints":{"allow":["GET"]}}],"collection":[{"href":"https:\/\/www.charmig.nl\/fr\/wp-json\/wp\/v2\/product"}],"about":[{"href":"https:\/\/www.charmig.nl\/fr\/wp-json\/wp\/v2\/types\/product"}],"wp:featuredmedia":[{"embeddable":true,"href":"https:\/\/www.charmig.nl\/fr\/wp-json\/wp\/v2\/media\/11101"}],"wp:attachment":[{"href":"https:\/\/www.charmig.nl\/fr\/wp-json\/wp\/v2\/media?parent=11098"}],"wp:term":[{"taxonomy":"product_brand","embeddable":true,"href":"https:\/\/www.charmig.nl\/fr\/wp-json\/wp\/v2\/product_brand?post=11098"},{"taxonomy":"product_cat","embeddable":true,"href":"https:\/\/www.charmig.nl\/fr\/wp-json\/wp\/v2\/product_cat?post=11098"},{"taxonomy":"product_tag","embeddable":true,"href":"https:\/\/www.charmig.nl\/fr\/wp-json\/wp\/v2\/product_tag?post=11098"}],"curies":[{"name":"wp","href":"https:\/\/api.w.org\/{rel}","templated":true}]}}