{"id":11154,"date":"2023-12-04T10:05:26","date_gmt":"2023-12-04T09:05:26","guid":{"rendered":"https:\/\/www.charmig.nl\/?post_type=product&#038;p=11154"},"modified":"2026-04-23T09:35:50","modified_gmt":"2026-04-23T07:35:50","slug":"vintage-murano-glas-v-nason-c-bruin-39-cm","status":"publish","type":"product","link":"https:\/\/www.charmig.nl\/fr\/product\/archief\/vintage-murano-glas-v-nason-c-bruin-39-cm\/","title":{"rendered":"Vase vintage | Verre de Murano | V. Nason &amp; C. | Marron | 39 cm"},"content":{"rendered":"","protected":false},"excerpt":{"rendered":"Num\u00e9ro d'article : 210034\r\n\r\nMagnifique vase unique con\u00e7u et fabriqu\u00e9 par V. Nason &amp; C. sur l'\u00eele de Murano. Le vase vintage est souffl\u00e9 \u00e0 la bouche et a une belle teinte brun fonc\u00e9. Le vase est exempt de fissures, de rayures ou autres.\r\n\r\nHauteur : 39 cm\r\nLargeur : 14 cm\r\nProfondeur : 9 cm","protected":false},"featured_media":11157,"template":"","meta":{"_acf_changed":false},"product_brand":[],"product_cat":[103],"product_tag":[],"class_list":{"0":"post-11154","1":"product","2":"type-product","3":"status-publish","4":"has-post-thumbnail","6":"product_cat-archief","7":"product_shipping_class-klein-pakket","9":"first","10":"outofstock","11":"shipping-taxable","12":"product-type-simple"},"composite_virtual":false,"composite_layout":"","composite_add_to_cart_form_location":"","composite_editable_in_cart":false,"composite_sold_individually_context":"","composite_shop_price_calc":"","composite_components":[],"composite_scenarios":[],"exclude_global_add_ons":[],"addons":[],"acf":[],"yoast_head":null,"yoast_head_json":null,"_links":{"self":[{"href":"https:\/\/www.charmig.nl\/fr\/wp-json\/wp\/v2\/product\/11154","targetHints":{"allow":["GET"]}}],"collection":[{"href":"https:\/\/www.charmig.nl\/fr\/wp-json\/wp\/v2\/product"}],"about":[{"href":"https:\/\/www.charmig.nl\/fr\/wp-json\/wp\/v2\/types\/product"}],"wp:featuredmedia":[{"embeddable":true,"href":"https:\/\/www.charmig.nl\/fr\/wp-json\/wp\/v2\/media\/11157"}],"wp:attachment":[{"href":"https:\/\/www.charmig.nl\/fr\/wp-json\/wp\/v2\/media?parent=11154"}],"wp:term":[{"taxonomy":"product_brand","embeddable":true,"href":"https:\/\/www.charmig.nl\/fr\/wp-json\/wp\/v2\/product_brand?post=11154"},{"taxonomy":"product_cat","embeddable":true,"href":"https:\/\/www.charmig.nl\/fr\/wp-json\/wp\/v2\/product_cat?post=11154"},{"taxonomy":"product_tag","embeddable":true,"href":"https:\/\/www.charmig.nl\/fr\/wp-json\/wp\/v2\/product_tag?post=11154"}],"curies":[{"name":"wp","href":"https:\/\/api.w.org\/{rel}","templated":true}]}}