{"id":11314,"date":"2023-12-07T10:57:52","date_gmt":"2023-12-07T09:57:52","guid":{"rendered":"https:\/\/www.charmig.nl\/?post_type=product&#038;p=11314"},"modified":"2026-02-24T09:01:13","modified_gmt":"2026-02-24T08:01:13","slug":"vintage-bankstel-elementen-bank-modulair-groen","status":"publish","type":"product","link":"https:\/\/www.charmig.nl\/fr\/produit\/archives\/vintage-bankstel-elementen-bank-modulair-groen\/","title":{"rendered":"Ensemble de canap\u00e9s vintage | Canap\u00e9 El\u00e9ments | Modulaire | Vert"},"content":{"rendered":"","protected":false},"excerpt":{"rendered":"Num\u00e9ro d'article : 211005\r\n\r\nCe magnifique ensemble de canap\u00e9 vintage des ann\u00e9es 70 peut \u00eatre enti\u00e8rement personnalis\u00e9 \u00e0 votre guise ! Ce canap\u00e9 vert modulaire se compose de 5 \u00e9l\u00e9ments, 2 \u00e9l\u00e9ments d'angle et 3 \u00e9l\u00e9ments centraux. Cela vous permet de jouer avec diff\u00e9rents arrangements. Que diriez-vous d'un canap\u00e9 d'angle \u00e0 gauche ou \u00e0 droite, d'un canap\u00e9 trois places et de deux chaises s\u00e9par\u00e9es ou d'un long canap\u00e9 de 383 cm ? Les possibilit\u00e9s sont infinies ! L'ensemble de canap\u00e9s est rev\u00eatu d'un superbe tissu de velours doux d'une magnifique couleur verte. Un canap\u00e9 unique dans lequel vous pourrez vous enfoncer \u00e0 merveille !\r\n\r\nP\u00e9riode de conception : 1970\r\nStyle : Vintage, Mid-century modern\r\nMati\u00e8re : Velours ou tissu velout\u00e9\r\n\u00c9tat : En bon \u00e9tat vintage\r\n\r\nDimensions :\r\nEl\u00e9ment d'angle :\r\nHauteur : 63 cm\r\nLargeur : 84 cm\r\nProfondeur : 84 cm\r\n\r\n\u00c9l\u00e9ment central :\r\nHauteur : 63 cm\r\nLargeur : 70 cm\r\nProfondeur : 84 cm\r\n\r\nHauteur de l'assise : 35 cm\r\nProfondeur de l'assise : 62 cm","protected":false},"featured_media":11318,"template":"","meta":{"_acf_changed":false},"product_brand":[],"product_cat":[103],"product_tag":[],"class_list":{"0":"post-11314","1":"product","2":"type-product","3":"status-publish","4":"has-post-thumbnail","6":"product_cat-archief","7":"product_shipping_class-koerier","9":"first","10":"outofstock","11":"shipping-taxable","12":"product-type-simple"},"composite_virtual":false,"composite_layout":"","composite_add_to_cart_form_location":"","composite_editable_in_cart":false,"composite_sold_individually_context":"","composite_shop_price_calc":"","composite_components":[],"composite_scenarios":[],"exclude_global_add_ons":[],"addons":[],"acf":[],"yoast_head":null,"yoast_head_json":null,"_links":{"self":[{"href":"https:\/\/www.charmig.nl\/fr\/wp-json\/wp\/v2\/product\/11314","targetHints":{"allow":["GET"]}}],"collection":[{"href":"https:\/\/www.charmig.nl\/fr\/wp-json\/wp\/v2\/product"}],"about":[{"href":"https:\/\/www.charmig.nl\/fr\/wp-json\/wp\/v2\/types\/product"}],"wp:featuredmedia":[{"embeddable":true,"href":"https:\/\/www.charmig.nl\/fr\/wp-json\/wp\/v2\/media\/11318"}],"wp:attachment":[{"href":"https:\/\/www.charmig.nl\/fr\/wp-json\/wp\/v2\/media?parent=11314"}],"wp:term":[{"taxonomy":"product_brand","embeddable":true,"href":"https:\/\/www.charmig.nl\/fr\/wp-json\/wp\/v2\/product_brand?post=11314"},{"taxonomy":"product_cat","embeddable":true,"href":"https:\/\/www.charmig.nl\/fr\/wp-json\/wp\/v2\/product_cat?post=11314"},{"taxonomy":"product_tag","embeddable":true,"href":"https:\/\/www.charmig.nl\/fr\/wp-json\/wp\/v2\/product_tag?post=11314"}],"curies":[{"name":"wp","href":"https:\/\/api.w.org\/{rel}","templated":true}]}}