{"id":11329,"date":"2023-12-07T11:23:30","date_gmt":"2023-12-07T10:23:30","guid":{"rendered":"https:\/\/www.charmig.nl\/?post_type=product&#038;p=11329"},"modified":"2026-04-23T09:35:51","modified_gmt":"2026-04-23T07:35:51","slug":"vintage-dressoir-deens-design-199-cm","status":"publish","type":"product","link":"https:\/\/www.charmig.nl\/fr\/produit\/archives\/vintage-dressoir-deens-design-199-cm\/","title":{"rendered":"Buffet vintage | Design danois | 199 cm"},"content":{"rendered":"","protected":false},"excerpt":{"rendered":"Num\u00e9ro d'article : 211004\r\n\r\nMagnifique buffet en teck au design danois en parfait \u00e9tat. Ce buffet a une taille impressionnante et est tr\u00e8s fonctionnel. Le buffet a deux portes coulissantes et quatre tiroirs. Les tiroirs ont de belles poign\u00e9es. Les bords arrondis et les pieds coniques lui conf\u00e8rent un aspect luxueux et intemporel.\r\n\r\nP\u00e9riode de cr\u00e9ation : 1960\r\nStyle : moderne du milieu du si\u00e8cle, design scandinave, design danois\r\nMat\u00e9riau : teck\r\n\u00c9tat : En tr\u00e8s bon \u00e9tat\r\nDesigner : Inconnu\r\n\r\nDimensions : Largeur : 199 cm\r\nLargeur : 199 cm\r\nProfondeur : 49 cm\r\nHauteur : 74 cm\r\n\r\n<em>\r\nLes articles de la vente d'\u00e9t\u00e9 ne peuvent pas \u00eatre retourn\u00e9s.<\/em>","protected":false},"featured_media":11349,"template":"","meta":{"_acf_changed":false},"product_brand":[],"product_cat":[103],"product_tag":[],"class_list":{"0":"post-11329","1":"product","2":"type-product","3":"status-publish","4":"has-post-thumbnail","6":"product_cat-archief","7":"product_shipping_class-koerier","9":"first","10":"outofstock","11":"shipping-taxable","12":"product-type-simple"},"composite_virtual":false,"composite_layout":"","composite_add_to_cart_form_location":"","composite_editable_in_cart":false,"composite_sold_individually_context":"","composite_shop_price_calc":"","composite_components":[],"composite_scenarios":[],"exclude_global_add_ons":[],"addons":[],"acf":[],"yoast_head":null,"yoast_head_json":null,"_links":{"self":[{"href":"https:\/\/www.charmig.nl\/fr\/wp-json\/wp\/v2\/product\/11329","targetHints":{"allow":["GET"]}}],"collection":[{"href":"https:\/\/www.charmig.nl\/fr\/wp-json\/wp\/v2\/product"}],"about":[{"href":"https:\/\/www.charmig.nl\/fr\/wp-json\/wp\/v2\/types\/product"}],"wp:featuredmedia":[{"embeddable":true,"href":"https:\/\/www.charmig.nl\/fr\/wp-json\/wp\/v2\/media\/11349"}],"wp:attachment":[{"href":"https:\/\/www.charmig.nl\/fr\/wp-json\/wp\/v2\/media?parent=11329"}],"wp:term":[{"taxonomy":"product_brand","embeddable":true,"href":"https:\/\/www.charmig.nl\/fr\/wp-json\/wp\/v2\/product_brand?post=11329"},{"taxonomy":"product_cat","embeddable":true,"href":"https:\/\/www.charmig.nl\/fr\/wp-json\/wp\/v2\/product_cat?post=11329"},{"taxonomy":"product_tag","embeddable":true,"href":"https:\/\/www.charmig.nl\/fr\/wp-json\/wp\/v2\/product_tag?post=11329"}],"curies":[{"name":"wp","href":"https:\/\/api.w.org\/{rel}","templated":true}]}}