{"id":11550,"date":"2023-12-12T14:55:41","date_gmt":"2023-12-12T13:55:41","guid":{"rendered":"https:\/\/www.charmig.nl\/?post_type=product&#038;p=11550"},"modified":"2026-04-23T09:35:53","modified_gmt":"2026-04-23T07:35:53","slug":"vintage-behang-retro-geometrisch-oranje-4-rollen","status":"publish","type":"product","link":"https:\/\/www.charmig.nl\/fr\/produit\/archives\/vintage-behang-retro-geometrisch-oranje-4-rollen\/","title":{"rendered":"Papier peint vintage | R\u00e9tro | G\u00e9om\u00e9trique | Orange | 4 rouleaux"},"content":{"rendered":"","protected":false},"excerpt":{"rendered":"Artikelnummer: 211017\r\n\r\nVintage behang uit de jaren 60 \/ jaren 70. Dit behang heeft een oranje geometrische retro print. Prachtig op een muurtje in de slaapkamer, woonkamer, kinderkamer of caravan.\r\n\r\nDe rollen zijn +\/- 53cm breed en er zit ongeveer 10 meter op 1 rol. Vanwege de leeftijd is het mogelijk dat er een paar cm aan het begin van de rol niet te gebruiken is.\r\n\r\nHet behang wordt verkocht per 4 rollen. De kleur wordt het beste weergegeven op de close-up foto.","protected":false},"featured_media":11549,"template":"","meta":{"_acf_changed":false},"product_brand":[],"product_cat":[103],"product_tag":[],"class_list":{"0":"post-11550","1":"product","2":"type-product","3":"status-publish","4":"has-post-thumbnail","6":"product_cat-archief","7":"product_shipping_class-groot-pakket","9":"first","10":"outofstock","11":"shipping-taxable","12":"product-type-simple"},"composite_virtual":false,"composite_layout":"","composite_add_to_cart_form_location":"","composite_editable_in_cart":false,"composite_sold_individually_context":"","composite_shop_price_calc":"","composite_components":[],"composite_scenarios":[],"exclude_global_add_ons":[],"addons":[],"acf":[],"yoast_head":null,"yoast_head_json":null,"_links":{"self":[{"href":"https:\/\/www.charmig.nl\/fr\/wp-json\/wp\/v2\/product\/11550","targetHints":{"allow":["GET"]}}],"collection":[{"href":"https:\/\/www.charmig.nl\/fr\/wp-json\/wp\/v2\/product"}],"about":[{"href":"https:\/\/www.charmig.nl\/fr\/wp-json\/wp\/v2\/types\/product"}],"wp:featuredmedia":[{"embeddable":true,"href":"https:\/\/www.charmig.nl\/fr\/wp-json\/wp\/v2\/media\/11549"}],"wp:attachment":[{"href":"https:\/\/www.charmig.nl\/fr\/wp-json\/wp\/v2\/media?parent=11550"}],"wp:term":[{"taxonomy":"product_brand","embeddable":true,"href":"https:\/\/www.charmig.nl\/fr\/wp-json\/wp\/v2\/product_brand?post=11550"},{"taxonomy":"product_cat","embeddable":true,"href":"https:\/\/www.charmig.nl\/fr\/wp-json\/wp\/v2\/product_cat?post=11550"},{"taxonomy":"product_tag","embeddable":true,"href":"https:\/\/www.charmig.nl\/fr\/wp-json\/wp\/v2\/product_tag?post=11550"}],"curies":[{"name":"wp","href":"https:\/\/api.w.org\/{rel}","templated":true}]}}