{"id":11567,"date":"2023-12-13T08:39:47","date_gmt":"2023-12-13T07:39:47","guid":{"rendered":"https:\/\/www.charmig.nl\/?post_type=product&#038;p=11567"},"modified":"2026-04-23T09:35:54","modified_gmt":"2026-04-23T07:35:54","slug":"vintage-behang-blokken-groen-retro-2-rollen","status":"publish","type":"product","link":"https:\/\/www.charmig.nl\/fr\/produit\/archives\/vintage-behang-blokken-groen-retro-2-rollen\/","title":{"rendered":"Papier peint vintage | Blocs | Vert | R\u00e9tro | 2 rouleaux"},"content":{"rendered":"","protected":false},"excerpt":{"rendered":"Num\u00e9ro d'article : 211022\r\n\r\nPapier peint vintage des ann\u00e9es 1960\/70. Ce papier peint a une impression r\u00e9tro verte avec des carr\u00e9s de diff\u00e9rentes couleurs vertes. Magnifique sur un mur de la chambre \u00e0 coucher, du salon, de la chambre d'enfant ou de la caravane.\r\n\r\nLes rouleaux ont une largeur de +\/- 53 cm et il y a environ 10 m\u00e8tres sur un rouleau. En raison de l'\u00e2ge, il est possible que quelques cm au d\u00e9but du rouleau ne soient pas utilisables.\r\n\r\nLe papier peint est vendu par 2 rouleaux. La couleur est mieux illustr\u00e9e sur la photo en gros plan.","protected":false},"featured_media":11569,"template":"","meta":{"_acf_changed":false},"product_brand":[],"product_cat":[103],"product_tag":[],"class_list":{"0":"post-11567","1":"product","2":"type-product","3":"status-publish","4":"has-post-thumbnail","6":"product_cat-archief","7":"product_shipping_class-groot-pakket","9":"first","10":"outofstock","11":"shipping-taxable","12":"product-type-simple"},"composite_virtual":false,"composite_layout":"","composite_add_to_cart_form_location":"","composite_editable_in_cart":false,"composite_sold_individually_context":"","composite_shop_price_calc":"","composite_components":[],"composite_scenarios":[],"exclude_global_add_ons":[],"addons":[],"acf":[],"yoast_head":null,"yoast_head_json":null,"_links":{"self":[{"href":"https:\/\/www.charmig.nl\/fr\/wp-json\/wp\/v2\/product\/11567","targetHints":{"allow":["GET"]}}],"collection":[{"href":"https:\/\/www.charmig.nl\/fr\/wp-json\/wp\/v2\/product"}],"about":[{"href":"https:\/\/www.charmig.nl\/fr\/wp-json\/wp\/v2\/types\/product"}],"wp:featuredmedia":[{"embeddable":true,"href":"https:\/\/www.charmig.nl\/fr\/wp-json\/wp\/v2\/media\/11569"}],"wp:attachment":[{"href":"https:\/\/www.charmig.nl\/fr\/wp-json\/wp\/v2\/media?parent=11567"}],"wp:term":[{"taxonomy":"product_brand","embeddable":true,"href":"https:\/\/www.charmig.nl\/fr\/wp-json\/wp\/v2\/product_brand?post=11567"},{"taxonomy":"product_cat","embeddable":true,"href":"https:\/\/www.charmig.nl\/fr\/wp-json\/wp\/v2\/product_cat?post=11567"},{"taxonomy":"product_tag","embeddable":true,"href":"https:\/\/www.charmig.nl\/fr\/wp-json\/wp\/v2\/product_tag?post=11567"}],"curies":[{"name":"wp","href":"https:\/\/api.w.org\/{rel}","templated":true}]}}