{"id":11577,"date":"2023-12-14T11:45:31","date_gmt":"2023-12-14T10:45:31","guid":{"rendered":"https:\/\/www.charmig.nl\/?post_type=product&#038;p=11577"},"modified":"2026-02-24T09:01:16","modified_gmt":"2026-02-24T08:01:16","slug":"vintage-highboard-barkast-teak-heinrich-riestenpatt","status":"publish","type":"product","link":"https:\/\/www.charmig.nl\/fr\/produit\/archives\/vintage-highboard-barkast-teak-heinrich-riestenpatt\/","title":{"rendered":"Meuble haut vintage | Meuble bar | Teck | Heinrich Riestenpatt"},"content":{"rendered":"","protected":false},"excerpt":{"rendered":"Num\u00e9ro d'article : 211025\r\n\r\nFabriqu\u00e9 par Heinrich Riestenpatt en Allemagne, ce meuble haut vintage est parfait pour ranger de nombreux objets et pour servir de meuble bar. Ainsi, l'armoire murale dispose de 4 tiroirs et d'un meuble \u00e0 abattant derri\u00e8re lequel vous trouverez un beau bar, y compris un miroir et une \u00e9tag\u00e8re en verre.  L'armoire murale vintage est tr\u00e8s \u00e9l\u00e9gante gr\u00e2ce \u00e0 ses finitions ; les poign\u00e9es en bois lui conf\u00e8rent un aspect incroyablement beau. Le meuble est compos\u00e9 de deux parties et dispose de nouveaux pieds en \u00e9pingle \u00e0 cheveux en m\u00e9tal noir.\r\n\r\nP\u00e9riode de cr\u00e9ation : 1950-1960\r\nStyle : moderne du milieu du si\u00e8cle\r\nMat\u00e9riau : teck\r\nCondition : En tr\u00e8s bon \u00e9tat. 2 petits trous sur le dessus.\r\nMarque : Heinrich Riestenpatt\r\n\r\nDimensions : Hauteur : 162 cm :\r\nHauteur : 162 cm\r\nLargeur : 100 cm\r\nProfondeur : 44 cm","protected":false},"featured_media":11579,"template":"","meta":{"_acf_changed":false},"product_brand":[],"product_cat":[103],"product_tag":[],"class_list":{"0":"post-11577","1":"product","2":"type-product","3":"status-publish","4":"has-post-thumbnail","6":"product_cat-archief","7":"product_shipping_class-koerier","9":"first","10":"outofstock","11":"shipping-taxable","12":"product-type-simple"},"composite_virtual":false,"composite_layout":"","composite_add_to_cart_form_location":"","composite_editable_in_cart":false,"composite_sold_individually_context":"","composite_shop_price_calc":"","composite_components":[],"composite_scenarios":[],"exclude_global_add_ons":[],"addons":[],"acf":[],"yoast_head":null,"yoast_head_json":null,"_links":{"self":[{"href":"https:\/\/www.charmig.nl\/fr\/wp-json\/wp\/v2\/product\/11577","targetHints":{"allow":["GET"]}}],"collection":[{"href":"https:\/\/www.charmig.nl\/fr\/wp-json\/wp\/v2\/product"}],"about":[{"href":"https:\/\/www.charmig.nl\/fr\/wp-json\/wp\/v2\/types\/product"}],"wp:featuredmedia":[{"embeddable":true,"href":"https:\/\/www.charmig.nl\/fr\/wp-json\/wp\/v2\/media\/11579"}],"wp:attachment":[{"href":"https:\/\/www.charmig.nl\/fr\/wp-json\/wp\/v2\/media?parent=11577"}],"wp:term":[{"taxonomy":"product_brand","embeddable":true,"href":"https:\/\/www.charmig.nl\/fr\/wp-json\/wp\/v2\/product_brand?post=11577"},{"taxonomy":"product_cat","embeddable":true,"href":"https:\/\/www.charmig.nl\/fr\/wp-json\/wp\/v2\/product_cat?post=11577"},{"taxonomy":"product_tag","embeddable":true,"href":"https:\/\/www.charmig.nl\/fr\/wp-json\/wp\/v2\/product_tag?post=11577"}],"curies":[{"name":"wp","href":"https:\/\/api.w.org\/{rel}","templated":true}]}}