{"id":11592,"date":"2023-12-14T12:05:34","date_gmt":"2023-12-14T11:05:34","guid":{"rendered":"https:\/\/www.charmig.nl\/?post_type=product&#038;p=11592"},"modified":"2026-04-23T09:35:54","modified_gmt":"2026-04-23T07:35:54","slug":"vintage-wandkastje-teak-heinrich-riestenpatt-100-cm","status":"publish","type":"product","link":"https:\/\/www.charmig.nl\/fr\/product\/archief\/vintage-wandkastje-teak-heinrich-riestenpatt-100-cm\/","title":{"rendered":"Armoire murale vintage | Teck | Heinrich Riestenpatt | 100 cm"},"content":{"rendered":"","protected":false},"excerpt":{"rendered":"Num\u00e9ro d'article : 211026\r\n\r\nCette armoire murale vintage a \u00e9t\u00e9 fabriqu\u00e9e par Heinrich Riestenpatt en Allemagne. L'armoire murale en teck a une porte \u00e0 rabat avec un design \u00e9l\u00e9gant et intemporel. Le buffet a une belle couleur de bois et comporte de nouveaux pieds en \u00e9pingle \u00e0 cheveux en m\u00e9tal noir. Un meuble id\u00e9al pour une petite t\u00e9l\u00e9vision.\r\n\r\nP\u00e9riode de cr\u00e9ation : 1950-1960\r\nStyle : moderne du milieu du si\u00e8cle, design scandinave\r\nCondition : En bon \u00e9tat. L\u00e9g\u00e8re d\u00e9coloration sur le dessus, voir les photos.\r\nMarque : Heinrich Riestenpatt\r\n\r\nDimensions de l'objet\r\nLargeur : 100 cm\r\nProfondeur : 44 cm\r\nHauteur : 50 cm","protected":false},"featured_media":11594,"template":"","meta":{"_acf_changed":false},"product_brand":[],"product_cat":[103],"product_tag":[],"class_list":{"0":"post-11592","1":"product","2":"type-product","3":"status-publish","4":"has-post-thumbnail","6":"product_cat-archief","7":"product_shipping_class-koerier","9":"first","10":"outofstock","11":"shipping-taxable","12":"product-type-simple"},"composite_virtual":false,"composite_layout":"","composite_add_to_cart_form_location":"","composite_editable_in_cart":false,"composite_sold_individually_context":"","composite_shop_price_calc":"","composite_components":[],"composite_scenarios":[],"exclude_global_add_ons":[],"addons":[],"acf":[],"yoast_head":null,"yoast_head_json":null,"_links":{"self":[{"href":"https:\/\/www.charmig.nl\/fr\/wp-json\/wp\/v2\/product\/11592","targetHints":{"allow":["GET"]}}],"collection":[{"href":"https:\/\/www.charmig.nl\/fr\/wp-json\/wp\/v2\/product"}],"about":[{"href":"https:\/\/www.charmig.nl\/fr\/wp-json\/wp\/v2\/types\/product"}],"wp:featuredmedia":[{"embeddable":true,"href":"https:\/\/www.charmig.nl\/fr\/wp-json\/wp\/v2\/media\/11594"}],"wp:attachment":[{"href":"https:\/\/www.charmig.nl\/fr\/wp-json\/wp\/v2\/media?parent=11592"}],"wp:term":[{"taxonomy":"product_brand","embeddable":true,"href":"https:\/\/www.charmig.nl\/fr\/wp-json\/wp\/v2\/product_brand?post=11592"},{"taxonomy":"product_cat","embeddable":true,"href":"https:\/\/www.charmig.nl\/fr\/wp-json\/wp\/v2\/product_cat?post=11592"},{"taxonomy":"product_tag","embeddable":true,"href":"https:\/\/www.charmig.nl\/fr\/wp-json\/wp\/v2\/product_tag?post=11592"}],"curies":[{"name":"wp","href":"https:\/\/api.w.org\/{rel}","templated":true}]}}