{"id":11721,"date":"2023-12-21T16:12:08","date_gmt":"2023-12-21T15:12:08","guid":{"rendered":"https:\/\/www.charmig.nl\/?post_type=product&#038;p=11721"},"modified":"2026-02-24T09:01:17","modified_gmt":"2026-02-24T08:01:17","slug":"6-niels-otto-moller-model-75-papercord-teak-gerestaureerd-2","status":"publish","type":"product","link":"https:\/\/www.charmig.nl\/fr\/produit\/archives\/6-niels-otto-moller-model-75-papercord-teak-gerestaureerd-2\/","title":{"rendered":"Ensemble de 6 chaises de salle \u00e0 manger vintage | Niels Otto M\u00f8ller | Mod\u00e8le 75 | Papercord | Teck | Restaur\u00e9"},"content":{"rendered":"","protected":false},"excerpt":{"rendered":"Artikelnummer: 211281\r\n\r\nSet van 6 prachtige Deense vintage eetkamerstoelen. Deze stoelen zijn ontworpen door Niels Otto M\u00f8ller. De stoelen zijn uitgevoerd in Teak en voorzien van nieuw papercord.\r\n\r\nOntwerp periode: 1950 &#8211; 1960\r\nStijl: Mid century modern &#8211; Deens design &#8211; Scandinavisch design\r\nMateriaal: Teak, Papercord\r\nConditie: Gerestaureerd, frames nagekeken en de zittingen zijn voorzien van nieuw papercord.\r\nOntwerper: Niels Otto M\u00f8ller\r\n\r\nAfmetingen:\r\nHoogte: 75 cm\r\nZithoogte: 45 cm\r\nBreedte: 50 cm\r\nDiepte: 48 cm","protected":false},"featured_media":16259,"template":"","meta":{"_acf_changed":false},"product_brand":[],"product_cat":[103],"product_tag":[],"class_list":{"0":"post-11721","1":"product","2":"type-product","3":"status-publish","4":"has-post-thumbnail","6":"product_cat-archief","7":"product_shipping_class-koerier","9":"first","10":"outofstock","11":"shipping-taxable","12":"purchasable","13":"product-type-simple"},"composite_virtual":false,"composite_layout":"","composite_add_to_cart_form_location":"","composite_editable_in_cart":false,"composite_sold_individually_context":"","composite_shop_price_calc":"","composite_components":[],"composite_scenarios":[],"exclude_global_add_ons":[],"addons":[],"acf":[],"yoast_head":null,"yoast_head_json":null,"_links":{"self":[{"href":"https:\/\/www.charmig.nl\/fr\/wp-json\/wp\/v2\/product\/11721","targetHints":{"allow":["GET"]}}],"collection":[{"href":"https:\/\/www.charmig.nl\/fr\/wp-json\/wp\/v2\/product"}],"about":[{"href":"https:\/\/www.charmig.nl\/fr\/wp-json\/wp\/v2\/types\/product"}],"wp:featuredmedia":[{"embeddable":true,"href":"https:\/\/www.charmig.nl\/fr\/wp-json\/wp\/v2\/media\/16259"}],"wp:attachment":[{"href":"https:\/\/www.charmig.nl\/fr\/wp-json\/wp\/v2\/media?parent=11721"}],"wp:term":[{"taxonomy":"product_brand","embeddable":true,"href":"https:\/\/www.charmig.nl\/fr\/wp-json\/wp\/v2\/product_brand?post=11721"},{"taxonomy":"product_cat","embeddable":true,"href":"https:\/\/www.charmig.nl\/fr\/wp-json\/wp\/v2\/product_cat?post=11721"},{"taxonomy":"product_tag","embeddable":true,"href":"https:\/\/www.charmig.nl\/fr\/wp-json\/wp\/v2\/product_tag?post=11721"}],"curies":[{"name":"wp","href":"https:\/\/api.w.org\/{rel}","templated":true}]}}