{"id":11722,"date":"2023-12-22T09:09:56","date_gmt":"2023-12-22T08:09:56","guid":{"rendered":"https:\/\/www.charmig.nl\/?post_type=product&#038;p=11722"},"modified":"2026-02-24T09:01:18","modified_gmt":"2026-02-24T08:01:18","slug":"vintage-dressoir-teak-musterring-130-cm","status":"publish","type":"product","link":"https:\/\/www.charmig.nl\/fr\/produit\/archives\/vintage-dressoir-teak-musterring-130-cm\/","title":{"rendered":"Buffet vintage | Teck | Musterring | 130 cm"},"content":{"rendered":"","protected":false},"excerpt":{"rendered":"Num\u00e9ro d'article : 211037\r\n\r\nBuffet vintage compact con\u00e7u par Musterring. Convient parfaitement comme meuble TV ! Le meuble vintage a une couleur de bois chaude et de tr\u00e8s belles poign\u00e9es sur les tiroirs. Ce buffet est de bonne qualit\u00e9 et en tr\u00e8s bon \u00e9tat.\r\n\r\nP\u00e9riode de cr\u00e9ation : 1960-1970\r\nStyle : Mid century modern, Scandinavian design\r\nMat\u00e9riau : Teck\r\n\u00c9tat : En tr\u00e8s bon \u00e9tat\r\nDesigner : Musterring\r\n\r\nDimensions : Largeur : 130 cm\r\nLargeur : 130 cm\r\nHauteur : 68 cm\r\nProfondeur : 41 cm","protected":false},"featured_media":11741,"template":"","meta":{"_acf_changed":false},"product_brand":[],"product_cat":[103],"product_tag":[],"class_list":{"0":"post-11722","1":"product","2":"type-product","3":"status-publish","4":"has-post-thumbnail","6":"product_cat-archief","7":"product_shipping_class-koerier","9":"first","10":"outofstock","11":"shipping-taxable","12":"product-type-simple"},"composite_virtual":false,"composite_layout":"","composite_add_to_cart_form_location":"","composite_editable_in_cart":false,"composite_sold_individually_context":"","composite_shop_price_calc":"","composite_components":[],"composite_scenarios":[],"exclude_global_add_ons":[],"addons":[],"acf":[],"yoast_head":null,"yoast_head_json":null,"_links":{"self":[{"href":"https:\/\/www.charmig.nl\/fr\/wp-json\/wp\/v2\/product\/11722","targetHints":{"allow":["GET"]}}],"collection":[{"href":"https:\/\/www.charmig.nl\/fr\/wp-json\/wp\/v2\/product"}],"about":[{"href":"https:\/\/www.charmig.nl\/fr\/wp-json\/wp\/v2\/types\/product"}],"wp:featuredmedia":[{"embeddable":true,"href":"https:\/\/www.charmig.nl\/fr\/wp-json\/wp\/v2\/media\/11741"}],"wp:attachment":[{"href":"https:\/\/www.charmig.nl\/fr\/wp-json\/wp\/v2\/media?parent=11722"}],"wp:term":[{"taxonomy":"product_brand","embeddable":true,"href":"https:\/\/www.charmig.nl\/fr\/wp-json\/wp\/v2\/product_brand?post=11722"},{"taxonomy":"product_cat","embeddable":true,"href":"https:\/\/www.charmig.nl\/fr\/wp-json\/wp\/v2\/product_cat?post=11722"},{"taxonomy":"product_tag","embeddable":true,"href":"https:\/\/www.charmig.nl\/fr\/wp-json\/wp\/v2\/product_tag?post=11722"}],"curies":[{"name":"wp","href":"https:\/\/api.w.org\/{rel}","templated":true}]}}