{"id":11726,"date":"2023-12-22T09:32:35","date_gmt":"2023-12-22T08:32:35","guid":{"rendered":"https:\/\/www.charmig.nl\/?post_type=product&#038;p=11726"},"modified":"2026-04-23T09:35:55","modified_gmt":"2026-04-23T07:35:55","slug":"vintage-dressoir-teak-230-cm","status":"publish","type":"product","link":"https:\/\/www.charmig.nl\/fr\/produit\/archives\/vintage-dressoir-teak-230-cm\/","title":{"rendered":"Buffet vintage | Teck | 230 cm"},"content":{"rendered":"","protected":false},"excerpt":{"rendered":"Num\u00e9ro d'article : 211038\r\n\r\nCe magnifique grand buffet vintage se distingue par le design inhabituel de ses tiroirs. Ceux-ci lui conf\u00e8rent un aspect tr\u00e8s \u00e9l\u00e9gant. Le buffet vintage a une belle couleur teck chaud. Le meuble a 4 tiroirs et 4 portes.\r\n\r\nP\u00e9riode de cr\u00e9ation : 1950-1960\r\nStyle : Moderne, design scandinave\r\nMat\u00e9riau : Teck\r\nCondition : En tr\u00e8s bonne condition vintage ; a de l\u00e9gers signes d'utilisation qui correspondent \u00e0 l'\u00e2ge du meuble.\r\nDesigner : Inconnu\r\n\r\nDimensions : Largeur : 230 cm\r\nLargeur : 230 cm\r\nHauteur : 82 cm\r\nProfondeur : 40 cm","protected":false},"featured_media":11812,"template":"","meta":{"_acf_changed":false},"product_brand":[],"product_cat":[103],"product_tag":[],"class_list":{"0":"post-11726","1":"product","2":"type-product","3":"status-publish","4":"has-post-thumbnail","6":"product_cat-archief","7":"product_shipping_class-koerier","9":"first","10":"outofstock","11":"shipping-taxable","12":"product-type-simple"},"composite_virtual":false,"composite_layout":"","composite_add_to_cart_form_location":"","composite_editable_in_cart":false,"composite_sold_individually_context":"","composite_shop_price_calc":"","composite_components":[],"composite_scenarios":[],"exclude_global_add_ons":[],"addons":[],"acf":[],"yoast_head":null,"yoast_head_json":null,"_links":{"self":[{"href":"https:\/\/www.charmig.nl\/fr\/wp-json\/wp\/v2\/product\/11726","targetHints":{"allow":["GET"]}}],"collection":[{"href":"https:\/\/www.charmig.nl\/fr\/wp-json\/wp\/v2\/product"}],"about":[{"href":"https:\/\/www.charmig.nl\/fr\/wp-json\/wp\/v2\/types\/product"}],"wp:featuredmedia":[{"embeddable":true,"href":"https:\/\/www.charmig.nl\/fr\/wp-json\/wp\/v2\/media\/11812"}],"wp:attachment":[{"href":"https:\/\/www.charmig.nl\/fr\/wp-json\/wp\/v2\/media?parent=11726"}],"wp:term":[{"taxonomy":"product_brand","embeddable":true,"href":"https:\/\/www.charmig.nl\/fr\/wp-json\/wp\/v2\/product_brand?post=11726"},{"taxonomy":"product_cat","embeddable":true,"href":"https:\/\/www.charmig.nl\/fr\/wp-json\/wp\/v2\/product_cat?post=11726"},{"taxonomy":"product_tag","embeddable":true,"href":"https:\/\/www.charmig.nl\/fr\/wp-json\/wp\/v2\/product_tag?post=11726"}],"curies":[{"name":"wp","href":"https:\/\/api.w.org\/{rel}","templated":true}]}}