{"id":11829,"date":"2023-12-22T13:31:44","date_gmt":"2023-12-22T12:31:44","guid":{"rendered":"https:\/\/www.charmig.nl\/?post_type=product&#038;p=11829"},"modified":"2026-04-23T09:35:55","modified_gmt":"2026-04-23T07:35:55","slug":"vintage-wandsysteem-poul-cadovius-palissander-bureau","status":"publish","type":"product","link":"https:\/\/www.charmig.nl\/fr\/produit\/archives\/vintage-wandsysteem-poul-cadovius-palissander-bureau\/","title":{"rendered":"Syst\u00e8me mural vintage | Poul Cadovius | Bois de rose | bureau"},"content":{"rendered":"","protected":false},"excerpt":{"rendered":"Num\u00e9ro d'article : 211041\r\n\r\nCe magnifique syst\u00e8me mural de Poul Cadovius est un v\u00e9ritable classique ! Cette magnifique unit\u00e9 murale se compose de 2 parties : une \u00e9tag\u00e8re de bureau et une armoire avec 2 portes coulissantes. Le syst\u00e8me mural 'Royal System' est fabriqu\u00e9 en bois de rose, ce qui n'est pas courant !\r\n\r\nLe syst\u00e8me mural est enti\u00e8rement modulaire et peut donc \u00eatre am\u00e9nag\u00e9 \u00e0 votre guise.\r\n\r\nP\u00e9riode de conception : 1960-1970\r\nStyle : moderne du milieu du si\u00e8cle, design scandinave\r\n\u00c9tat : En tr\u00e8s bon \u00e9tat\r\nPays d'origine : Danemark\r\nMat\u00e9riau : Bois de rose\r\n\r\nDimensions : Hauteur : 99 cm\r\nHauteur : 99 cm\r\nProfondeur de la tablette du bureau : 41 cm\r\nProfondeur de l'armoire : 30 cm\r\nLargeur : 84 cm\r\n\r\n<em>\r\nLes articles de la vente d'\u00e9t\u00e9 ne peuvent pas \u00eatre retourn\u00e9s.<\/em>","protected":false},"featured_media":11831,"template":"","meta":{"_acf_changed":false},"product_brand":[],"product_cat":[103],"product_tag":[],"class_list":{"0":"post-11829","1":"product","2":"type-product","3":"status-publish","4":"has-post-thumbnail","6":"product_cat-archief","7":"product_shipping_class-koerier","9":"first","10":"outofstock","11":"shipping-taxable","12":"purchasable","13":"product-type-simple"},"composite_virtual":false,"composite_layout":"","composite_add_to_cart_form_location":"","composite_editable_in_cart":false,"composite_sold_individually_context":"","composite_shop_price_calc":"","composite_components":[],"composite_scenarios":[],"exclude_global_add_ons":[],"addons":[],"acf":[],"yoast_head":null,"yoast_head_json":null,"_links":{"self":[{"href":"https:\/\/www.charmig.nl\/fr\/wp-json\/wp\/v2\/product\/11829","targetHints":{"allow":["GET"]}}],"collection":[{"href":"https:\/\/www.charmig.nl\/fr\/wp-json\/wp\/v2\/product"}],"about":[{"href":"https:\/\/www.charmig.nl\/fr\/wp-json\/wp\/v2\/types\/product"}],"wp:featuredmedia":[{"embeddable":true,"href":"https:\/\/www.charmig.nl\/fr\/wp-json\/wp\/v2\/media\/11831"}],"wp:attachment":[{"href":"https:\/\/www.charmig.nl\/fr\/wp-json\/wp\/v2\/media?parent=11829"}],"wp:term":[{"taxonomy":"product_brand","embeddable":true,"href":"https:\/\/www.charmig.nl\/fr\/wp-json\/wp\/v2\/product_brand?post=11829"},{"taxonomy":"product_cat","embeddable":true,"href":"https:\/\/www.charmig.nl\/fr\/wp-json\/wp\/v2\/product_cat?post=11829"},{"taxonomy":"product_tag","embeddable":true,"href":"https:\/\/www.charmig.nl\/fr\/wp-json\/wp\/v2\/product_tag?post=11829"}],"curies":[{"name":"wp","href":"https:\/\/api.w.org\/{rel}","templated":true}]}}