{"id":11845,"date":"2023-12-22T14:04:10","date_gmt":"2023-12-22T13:04:10","guid":{"rendered":"https:\/\/www.charmig.nl\/?post_type=product&#038;p=11845"},"modified":"2026-04-23T09:35:56","modified_gmt":"2026-04-23T07:35:56","slug":"vintage-wandplank-poul-cadovius-palissander-wandsysteem","status":"publish","type":"product","link":"https:\/\/www.charmig.nl\/fr\/produit\/archives\/vintage-wandplank-poul-cadovius-palissander-wandsysteem\/","title":{"rendered":"Etag\u00e8re murale vintage | Poul Cadovius | Bois de rose | Syst\u00e8me mural"},"content":{"rendered":"","protected":false},"excerpt":{"rendered":"Num\u00e9ro d'article : 211043\r\n\r\nLe syst\u00e8me mural de Poul Cadovius est un v\u00e9ritable classique ! Ce syst\u00e8me se compose de 2 montants noirs courts et d'une \u00e9tag\u00e8re. Il peut \u00eatre utilis\u00e9 comme extension d'un ensemble ou simplement comme \u00e9tag\u00e8re murale. Le syst\u00e8me mural est fabriqu\u00e9 en bois de rose.\r\n\r\nP\u00e9riode de conception : 1960-1970\r\nStyle : Mid century modern, Scandinavian design\r\n\u00c9tat : En tr\u00e8s bon \u00e9tat\r\nPays d'origine : Danemark\r\nMat\u00e9riau : Bois de rose\r\n\r\nDimensions de l'objet : Hauteur : 24 cm :\r\nHauteur : 24 cm\r\nProfondeur : 25 cm\r\nLargeur : 84 cm","protected":false},"featured_media":11850,"template":"","meta":{"_acf_changed":false},"product_brand":[],"product_cat":[103],"product_tag":[],"class_list":{"0":"post-11845","1":"product","2":"type-product","3":"status-publish","4":"has-post-thumbnail","6":"product_cat-archief","7":"product_shipping_class-koerier","9":"first","10":"outofstock","11":"shipping-taxable","12":"product-type-simple"},"composite_virtual":false,"composite_layout":"","composite_add_to_cart_form_location":"","composite_editable_in_cart":false,"composite_sold_individually_context":"","composite_shop_price_calc":"","composite_components":[],"composite_scenarios":[],"exclude_global_add_ons":[],"addons":[],"acf":[],"yoast_head":null,"yoast_head_json":null,"_links":{"self":[{"href":"https:\/\/www.charmig.nl\/fr\/wp-json\/wp\/v2\/product\/11845","targetHints":{"allow":["GET"]}}],"collection":[{"href":"https:\/\/www.charmig.nl\/fr\/wp-json\/wp\/v2\/product"}],"about":[{"href":"https:\/\/www.charmig.nl\/fr\/wp-json\/wp\/v2\/types\/product"}],"wp:featuredmedia":[{"embeddable":true,"href":"https:\/\/www.charmig.nl\/fr\/wp-json\/wp\/v2\/media\/11850"}],"wp:attachment":[{"href":"https:\/\/www.charmig.nl\/fr\/wp-json\/wp\/v2\/media?parent=11845"}],"wp:term":[{"taxonomy":"product_brand","embeddable":true,"href":"https:\/\/www.charmig.nl\/fr\/wp-json\/wp\/v2\/product_brand?post=11845"},{"taxonomy":"product_cat","embeddable":true,"href":"https:\/\/www.charmig.nl\/fr\/wp-json\/wp\/v2\/product_cat?post=11845"},{"taxonomy":"product_tag","embeddable":true,"href":"https:\/\/www.charmig.nl\/fr\/wp-json\/wp\/v2\/product_tag?post=11845"}],"curies":[{"name":"wp","href":"https:\/\/api.w.org\/{rel}","templated":true}]}}