{"id":11972,"date":"2024-01-04T11:03:46","date_gmt":"2024-01-04T10:03:46","guid":{"rendered":"https:\/\/www.charmig.nl\/?post_type=product&#038;p=11972"},"modified":"2026-04-23T09:35:56","modified_gmt":"2026-04-23T07:35:56","slug":"4-x-chaise-de-salle-a-manger-arne-hovmand-olsen-teak-restaure-8","status":"publish","type":"product","link":"https:\/\/www.charmig.nl\/fr\/produit\/archives\/4-x-chaise-de-salle-a-manger-arne-hovmand-olsen-teak-restaure-8\/","title":{"rendered":"6 x chaise de salle \u00e0 manger | Lubke | Bois de rose | Rev\u00eatement au choix"},"content":{"rendered":"","protected":false},"excerpt":{"rendered":"Num\u00e9ro d'article : 211034\r\n\r\n<em><strong>Une coupe charmante<\/strong><\/em>\r\n\r\nSet van 6 prachtige Palissander vintage eetkamerstoelen. Deze stoelen zijn geproduceerd door Lubke\/Interlubke.\r\n\r\nDeze stoelen zijn onderdeel van &#8216;Charmig op maat&#8217;. Dit betekent dat de stoelen opnieuw worden gestoffeerd in een stof naar jouw keuze. Ook worden de zittingen voorzien van nieuw koudschuim voor ultiem zitcomfort. Een maatwerk eetkamerset met een rijke geschiedenis en karakter, helemaal passend bij jouw voorkeuren!\r\n\r\nDe prijs van de stoelen zijn inclusief nieuwe zitting en stoffering.\r\n\r\nOnze uitgebreide collectie stoffen is te bekijken in onze loods. Meer informatie over maatwerk stoelen van Charmig? Klik <a href=\"https:\/\/www.charmig.nl\/fr\/charmig-op-maat\/\">ici<\/a>!\r\n\r\nOntwerp periode: 1950 &#8211; 1960\r\nStijl: Mid century modern &#8211; Deens design &#8211; Scandinavisch design\r\nMateriaal: Palissander\r\nFabrikant: Lubke\r\n\r\nAfmetingen:\r\nHoogte: 82 cm\r\nZithoogte: 47 cm\r\nBreedte: 47 cm\r\nDiepte: 47 cm","protected":false},"featured_media":11986,"template":"","meta":{"_acf_changed":false},"product_brand":[],"product_cat":[103],"product_tag":[],"class_list":{"0":"post-11972","1":"product","2":"type-product","3":"status-publish","4":"has-post-thumbnail","6":"product_cat-archief","7":"product_shipping_class-koerier","9":"first","10":"outofstock","11":"shipping-taxable","12":"purchasable","13":"product-type-simple"},"composite_virtual":false,"composite_layout":"","composite_add_to_cart_form_location":"","composite_editable_in_cart":false,"composite_sold_individually_context":"","composite_shop_price_calc":"","composite_components":[],"composite_scenarios":[],"exclude_global_add_ons":[],"addons":[],"acf":[],"yoast_head":null,"yoast_head_json":null,"_links":{"self":[{"href":"https:\/\/www.charmig.nl\/fr\/wp-json\/wp\/v2\/product\/11972","targetHints":{"allow":["GET"]}}],"collection":[{"href":"https:\/\/www.charmig.nl\/fr\/wp-json\/wp\/v2\/product"}],"about":[{"href":"https:\/\/www.charmig.nl\/fr\/wp-json\/wp\/v2\/types\/product"}],"wp:featuredmedia":[{"embeddable":true,"href":"https:\/\/www.charmig.nl\/fr\/wp-json\/wp\/v2\/media\/11986"}],"wp:attachment":[{"href":"https:\/\/www.charmig.nl\/fr\/wp-json\/wp\/v2\/media?parent=11972"}],"wp:term":[{"taxonomy":"product_brand","embeddable":true,"href":"https:\/\/www.charmig.nl\/fr\/wp-json\/wp\/v2\/product_brand?post=11972"},{"taxonomy":"product_cat","embeddable":true,"href":"https:\/\/www.charmig.nl\/fr\/wp-json\/wp\/v2\/product_cat?post=11972"},{"taxonomy":"product_tag","embeddable":true,"href":"https:\/\/www.charmig.nl\/fr\/wp-json\/wp\/v2\/product_tag?post=11972"}],"curies":[{"name":"wp","href":"https:\/\/api.w.org\/{rel}","templated":true}]}}