{"id":11988,"date":"2024-01-04T11:43:13","date_gmt":"2024-01-04T10:43:13","guid":{"rendered":"https:\/\/www.charmig.nl\/?post_type=product&#038;p=11988"},"modified":"2026-04-23T09:35:57","modified_gmt":"2026-04-23T07:35:57","slug":"4-x-chaise-de-salle-a-manger-arne-hovmand-olsen-teak-restaure-9","status":"publish","type":"product","link":"https:\/\/www.charmig.nl\/fr\/product\/archief\/6x-eetkamerstoel-erik-buch-model-89-teak-charmig-op-maat\/","title":{"rendered":"6x chaise de salle \u00e0 manger | Erik Buch | Mod\u00e8le 89 | Teck | Rembourrage au choix"},"content":{"rendered":"","protected":false},"excerpt":{"rendered":"Num\u00e9ro d'article : 210972\r\n\r\n<em><strong>Une coupe charmante<\/strong><\/em>\r\n\r\nEnsemble de 6 magnifiques chaises de salle \u00e0 manger vintage en teck massif con\u00e7ues par Erik Buch pour Anderstrup Mobelfabrik (mod\u00e8le 89).\r\n\r\nCes chaises font partie du programme 'Charming made-to-measure'. Cela signifie que les chaises sont retapiss\u00e9es dans le tissu de votre choix. Les si\u00e8ges sont \u00e9galement \u00e9quip\u00e9s d'une nouvelle mousse \u00e0 froid pour un confort d'assise optimal. Un ensemble de salle \u00e0 manger sur mesure avec une histoire riche et du caract\u00e8re pour r\u00e9pondre \u00e0 vos pr\u00e9f\u00e9rences !\r\n\r\nLe prix des chaises comprend une nouvelle assise et un nouveau rembourrage.\r\n\r\nNotre vaste collection de tissus peut \u00eatre consult\u00e9e dans notre entrep\u00f4t. Plus d'informations sur les chaises sur mesure de Charmig ? Cliquez ici <a href=\"https:\/\/www.charmig.nl\/fr\/charmig-op-maat\/\">ici<\/a>!\r\n\r\nP\u00e9riode de cr\u00e9ation : 1950 - 1960\r\nStyle : Mid century modern - Danish design - Scandinavian design\r\nMat\u00e9riau : Teck\r\nDesigner : Erik Buch\r\n\r\nDimensions de l'objet :\r\nHauteur : 80 cm\r\nHauteur de l'assise : 45 cm\r\nLargeur : 48 cm\r\nProfondeur : 53 cm","protected":false},"featured_media":11994,"template":"","meta":{"_acf_changed":false},"product_brand":[],"product_cat":[103],"product_tag":[],"class_list":{"0":"post-11988","1":"product","2":"type-product","3":"status-publish","4":"has-post-thumbnail","6":"product_cat-archief","7":"product_shipping_class-koerier","9":"first","10":"outofstock","11":"shipping-taxable","12":"product-type-simple"},"composite_virtual":false,"composite_layout":"","composite_add_to_cart_form_location":"","composite_editable_in_cart":false,"composite_sold_individually_context":"","composite_shop_price_calc":"","composite_components":[],"composite_scenarios":[],"exclude_global_add_ons":[],"addons":[],"acf":[],"yoast_head":null,"yoast_head_json":null,"_links":{"self":[{"href":"https:\/\/www.charmig.nl\/fr\/wp-json\/wp\/v2\/product\/11988","targetHints":{"allow":["GET"]}}],"collection":[{"href":"https:\/\/www.charmig.nl\/fr\/wp-json\/wp\/v2\/product"}],"about":[{"href":"https:\/\/www.charmig.nl\/fr\/wp-json\/wp\/v2\/types\/product"}],"wp:featuredmedia":[{"embeddable":true,"href":"https:\/\/www.charmig.nl\/fr\/wp-json\/wp\/v2\/media\/11994"}],"wp:attachment":[{"href":"https:\/\/www.charmig.nl\/fr\/wp-json\/wp\/v2\/media?parent=11988"}],"wp:term":[{"taxonomy":"product_brand","embeddable":true,"href":"https:\/\/www.charmig.nl\/fr\/wp-json\/wp\/v2\/product_brand?post=11988"},{"taxonomy":"product_cat","embeddable":true,"href":"https:\/\/www.charmig.nl\/fr\/wp-json\/wp\/v2\/product_cat?post=11988"},{"taxonomy":"product_tag","embeddable":true,"href":"https:\/\/www.charmig.nl\/fr\/wp-json\/wp\/v2\/product_tag?post=11988"}],"curies":[{"name":"wp","href":"https:\/\/api.w.org\/{rel}","templated":true}]}}