{"id":12039,"date":"2024-01-08T15:27:47","date_gmt":"2024-01-08T14:27:47","guid":{"rendered":"https:\/\/www.charmig.nl\/?post_type=product&#038;p=12039"},"modified":"2026-02-24T09:01:20","modified_gmt":"2026-02-24T08:01:20","slug":"vintage-dressoir-geribbelde-deuren-210-cm","status":"publish","type":"product","link":"https:\/\/www.charmig.nl\/fr\/produit\/archives\/vintage-dressoir-geribbelde-deuren-210-cm\/","title":{"rendered":"Buffet vintage | portes nervur\u00e9es | 210 cm"},"content":{"rendered":"","protected":false},"excerpt":{"rendered":"Num\u00e9ro d'article : 211031\r\n\r\nQuelle armoire insens\u00e9e ! Un buffet incroyablement unique des ann\u00e9es 1960 avec des portes fantastiques qui ressemblent \u00e0 des murs \u00e0 lattes \u00e0 la mode. Ce buffet vintage offre un espace de rangement tr\u00e8s pratique. Le buffet a 2 portes et 4 tiroirs. Les portes et la base sont magnifiquement con\u00e7ues.\r\n\r\nP\u00e9riode de cr\u00e9ation : 1960-1970\r\nStyle : moderne du milieu du si\u00e8cle\r\nMat\u00e9riau : Teck\r\nCondition : En bon \u00e9tat, traces d'utilisation correspondant \u00e0 l'\u00e2ge du meuble.\r\nDesigner : Inconnu\r\n\r\nDimensions du meuble\r\nLargeur : 210 cm\r\nProfondeur : 45 cm\r\nHauteur : 80 cm","protected":false},"featured_media":12041,"template":"","meta":{"_acf_changed":false},"product_brand":[],"product_cat":[103],"product_tag":[],"class_list":{"0":"post-12039","1":"product","2":"type-product","3":"status-publish","4":"has-post-thumbnail","6":"product_cat-archief","7":"product_shipping_class-koerier","9":"first","10":"outofstock","11":"shipping-taxable","12":"product-type-simple"},"composite_virtual":false,"composite_layout":"","composite_add_to_cart_form_location":"","composite_editable_in_cart":false,"composite_sold_individually_context":"","composite_shop_price_calc":"","composite_components":[],"composite_scenarios":[],"exclude_global_add_ons":[],"addons":[],"acf":[],"yoast_head":null,"yoast_head_json":null,"_links":{"self":[{"href":"https:\/\/www.charmig.nl\/fr\/wp-json\/wp\/v2\/product\/12039","targetHints":{"allow":["GET"]}}],"collection":[{"href":"https:\/\/www.charmig.nl\/fr\/wp-json\/wp\/v2\/product"}],"about":[{"href":"https:\/\/www.charmig.nl\/fr\/wp-json\/wp\/v2\/types\/product"}],"wp:featuredmedia":[{"embeddable":true,"href":"https:\/\/www.charmig.nl\/fr\/wp-json\/wp\/v2\/media\/12041"}],"wp:attachment":[{"href":"https:\/\/www.charmig.nl\/fr\/wp-json\/wp\/v2\/media?parent=12039"}],"wp:term":[{"taxonomy":"product_brand","embeddable":true,"href":"https:\/\/www.charmig.nl\/fr\/wp-json\/wp\/v2\/product_brand?post=12039"},{"taxonomy":"product_cat","embeddable":true,"href":"https:\/\/www.charmig.nl\/fr\/wp-json\/wp\/v2\/product_cat?post=12039"},{"taxonomy":"product_tag","embeddable":true,"href":"https:\/\/www.charmig.nl\/fr\/wp-json\/wp\/v2\/product_tag?post=12039"}],"curies":[{"name":"wp","href":"https:\/\/api.w.org\/{rel}","templated":true}]}}