{"id":12062,"date":"2024-01-16T17:38:22","date_gmt":"2024-01-16T16:38:22","guid":{"rendered":"https:\/\/www.charmig.nl\/?post_type=product&#038;p=12062"},"modified":"2026-04-23T09:35:57","modified_gmt":"2026-04-23T07:35:57","slug":"vintage-ronde-eettafel-notenhout-110-cm","status":"publish","type":"product","link":"https:\/\/www.charmig.nl\/fr\/produit\/archives\/vintage-ronde-eettafel-notenhout-110-cm\/","title":{"rendered":"Table ronde vintage | Noyer | 110 cm"},"content":{"rendered":"","protected":false},"excerpt":{"rendered":"Num\u00e9ro d'article : 211033\r\n\r\nCette magnifique table de salle \u00e0 manger ronde vintage est fabriqu\u00e9e en noyer par la soci\u00e9t\u00e9 allemande Casala. Les pieds de cette table ronde ont un beau design classique, qui attirera tous les regards dans votre salle de s\u00e9jour !\r\n\r\nMalheureusement, la table ne peut pas \u00eatre rallong\u00e9e en raison d'une charni\u00e8re cass\u00e9e. La feuille interm\u00e9diaire est incorpor\u00e9e dans la table et est donc incluse.\r\n\r\nP\u00e9riode de cr\u00e9ation : 1950-1960\r\nStyle : Mid century modern, scandinavian design\r\nCondition : En condition vintage.\r\n\r\nDimensions de l'objet :\r\nDiam\u00e8tre : 110 cm\r\nHauteur : 74 cm","protected":false},"featured_media":12064,"template":"","meta":{"_acf_changed":false},"product_brand":[],"product_cat":[103],"product_tag":[],"class_list":{"0":"post-12062","1":"product","2":"type-product","3":"status-publish","4":"has-post-thumbnail","6":"product_cat-archief","7":"product_shipping_class-koerier","9":"first","10":"outofstock","11":"shipping-taxable","12":"product-type-simple"},"composite_virtual":false,"composite_layout":"","composite_add_to_cart_form_location":"","composite_editable_in_cart":false,"composite_sold_individually_context":"","composite_shop_price_calc":"","composite_components":[],"composite_scenarios":[],"exclude_global_add_ons":[],"addons":[],"acf":[],"yoast_head":null,"yoast_head_json":null,"_links":{"self":[{"href":"https:\/\/www.charmig.nl\/fr\/wp-json\/wp\/v2\/product\/12062","targetHints":{"allow":["GET"]}}],"collection":[{"href":"https:\/\/www.charmig.nl\/fr\/wp-json\/wp\/v2\/product"}],"about":[{"href":"https:\/\/www.charmig.nl\/fr\/wp-json\/wp\/v2\/types\/product"}],"wp:featuredmedia":[{"embeddable":true,"href":"https:\/\/www.charmig.nl\/fr\/wp-json\/wp\/v2\/media\/12064"}],"wp:attachment":[{"href":"https:\/\/www.charmig.nl\/fr\/wp-json\/wp\/v2\/media?parent=12062"}],"wp:term":[{"taxonomy":"product_brand","embeddable":true,"href":"https:\/\/www.charmig.nl\/fr\/wp-json\/wp\/v2\/product_brand?post=12062"},{"taxonomy":"product_cat","embeddable":true,"href":"https:\/\/www.charmig.nl\/fr\/wp-json\/wp\/v2\/product_cat?post=12062"},{"taxonomy":"product_tag","embeddable":true,"href":"https:\/\/www.charmig.nl\/fr\/wp-json\/wp\/v2\/product_tag?post=12062"}],"curies":[{"name":"wp","href":"https:\/\/api.w.org\/{rel}","templated":true}]}}