{"id":12249,"date":"2024-01-18T10:09:09","date_gmt":"2024-01-18T09:09:09","guid":{"rendered":"https:\/\/www.charmig.nl\/?post_type=product&#038;p=12249"},"modified":"2026-04-23T09:35:57","modified_gmt":"2026-04-23T07:35:57","slug":"vintage-barkast-highboard-wk-mobel","status":"publish","type":"product","link":"https:\/\/www.charmig.nl\/fr\/product\/archief\/vintage-barkast-highboard-wk-mobel\/","title":{"rendered":"Meuble de bar vintage | Highboard | WK M\u00f6bel"},"content":{"rendered":"","protected":false},"excerpt":{"rendered":"Num\u00e9ro d'article : 210638\r\n\r\nMeuble de bar vintage, avec miroir et \u00e9tag\u00e8res en verre. Ce meuble de bar a \u00e9t\u00e9 transform\u00e9 par nos soins, car il s'agit \u00e0 l'origine d'un meuble TV de la marque allemande WK M\u00f6bel. Nous avons donc mont\u00e9 un miroir sur le mur arri\u00e8re, ajout\u00e9 2 \u00e9tag\u00e8res en verre et un ensemble de pieds en \u00e9pingle \u00e0 cheveux en m\u00e9tal noir. L'armoire peut \u00eatre ferm\u00e9e \u00e0 cl\u00e9. L'armoire murale vintage s'int\u00e8gre bien dans n'importe quel int\u00e9rieur.\r\n\r\nP\u00e9riode de conception : 1950-1960\r\nStyle : Moderne du milieu du si\u00e8cle\r\nMat\u00e9riau : Teck, m\u00e9tal\r\n\u00c9tat : En tr\u00e8s bon \u00e9tat.\r\nMarque : WK Mobel\r\n\r\nDimensions de l'objet :\r\nLargeur : 100 cm\r\nHauteur : 146 cm\r\nProfondeur : 47 cm","protected":false},"featured_media":13284,"template":"","meta":{"_acf_changed":false},"product_brand":[],"product_cat":[103],"product_tag":[],"class_list":{"0":"post-12249","1":"product","2":"type-product","3":"status-publish","4":"has-post-thumbnail","6":"product_cat-archief","7":"product_shipping_class-koerier","9":"first","10":"outofstock","11":"shipping-taxable","12":"purchasable","13":"product-type-simple"},"composite_virtual":false,"composite_layout":"","composite_add_to_cart_form_location":"","composite_editable_in_cart":false,"composite_sold_individually_context":"","composite_shop_price_calc":"","composite_components":[],"composite_scenarios":[],"exclude_global_add_ons":[],"addons":[],"acf":[],"yoast_head":null,"yoast_head_json":null,"_links":{"self":[{"href":"https:\/\/www.charmig.nl\/fr\/wp-json\/wp\/v2\/product\/12249","targetHints":{"allow":["GET"]}}],"collection":[{"href":"https:\/\/www.charmig.nl\/fr\/wp-json\/wp\/v2\/product"}],"about":[{"href":"https:\/\/www.charmig.nl\/fr\/wp-json\/wp\/v2\/types\/product"}],"wp:featuredmedia":[{"embeddable":true,"href":"https:\/\/www.charmig.nl\/fr\/wp-json\/wp\/v2\/media\/13284"}],"wp:attachment":[{"href":"https:\/\/www.charmig.nl\/fr\/wp-json\/wp\/v2\/media?parent=12249"}],"wp:term":[{"taxonomy":"product_brand","embeddable":true,"href":"https:\/\/www.charmig.nl\/fr\/wp-json\/wp\/v2\/product_brand?post=12249"},{"taxonomy":"product_cat","embeddable":true,"href":"https:\/\/www.charmig.nl\/fr\/wp-json\/wp\/v2\/product_cat?post=12249"},{"taxonomy":"product_tag","embeddable":true,"href":"https:\/\/www.charmig.nl\/fr\/wp-json\/wp\/v2\/product_tag?post=12249"}],"curies":[{"name":"wp","href":"https:\/\/api.w.org\/{rel}","templated":true}]}}