{"id":12284,"date":"2024-01-18T20:58:45","date_gmt":"2024-01-18T19:58:45","guid":{"rendered":"https:\/\/www.charmig.nl\/?post_type=product&#038;p=12284"},"modified":"2026-04-23T09:35:58","modified_gmt":"2026-04-23T07:35:58","slug":"hanglamp-arne-jacobsen-louis-poulsen-aj-royal-500","status":"publish","type":"product","link":"https:\/\/www.charmig.nl\/fr\/produit\/archives\/hanglamp-arne-jacobsen-louis-poulsen-aj-royal-500\/","title":{"rendered":"Lampe \u00e0 suspension | Arne Jacobsen | Louis Poulsen | AJ Royal 500"},"content":{"rendered":"","protected":false},"excerpt":{"rendered":"Num\u00e9ro d'article : 211047\r\n\r\nCette fantastique lampe suspendue vintage est une addition \u00e0 n'importe quel int\u00e9rieur ! La lampe danoise typique (mod\u00e8le AJ Royal 500) de Louis Poulsen a \u00e9t\u00e9 con\u00e7ue par Arne Jacobsen dans les ann\u00e9es 1960.\r\n\r\nP\u00e9riode de conception : 1960\r\nStyle : Design danois, moderne du milieu du si\u00e8cle, vintage\r\nMat\u00e9riau : Aluminium\r\nMarque : Louis Poulsen\r\nEtat : Tr\u00e8s bon \u00e9tat vintage\r\n\r\nCette lampe peut contenir 4x ampoules E27.\r\n\r\nDimensions de la lampe : 50 cm de diam\u00e8tre :\r\nDiam\u00e8tre : 50 cm\r\nHauteur (longueur du cordon) : 190 cm","protected":false},"featured_media":12287,"template":"","meta":{"_acf_changed":false},"product_brand":[],"product_cat":[103],"product_tag":[],"class_list":{"0":"post-12284","1":"product","2":"type-product","3":"status-publish","4":"has-post-thumbnail","6":"product_cat-archief","7":"product_shipping_class-groot-pakket","9":"first","10":"outofstock","11":"shipping-taxable","12":"product-type-simple"},"composite_virtual":false,"composite_layout":"","composite_add_to_cart_form_location":"","composite_editable_in_cart":false,"composite_sold_individually_context":"","composite_shop_price_calc":"","composite_components":[],"composite_scenarios":[],"exclude_global_add_ons":[],"addons":[],"acf":[],"yoast_head":null,"yoast_head_json":null,"_links":{"self":[{"href":"https:\/\/www.charmig.nl\/fr\/wp-json\/wp\/v2\/product\/12284","targetHints":{"allow":["GET"]}}],"collection":[{"href":"https:\/\/www.charmig.nl\/fr\/wp-json\/wp\/v2\/product"}],"about":[{"href":"https:\/\/www.charmig.nl\/fr\/wp-json\/wp\/v2\/types\/product"}],"wp:featuredmedia":[{"embeddable":true,"href":"https:\/\/www.charmig.nl\/fr\/wp-json\/wp\/v2\/media\/12287"}],"wp:attachment":[{"href":"https:\/\/www.charmig.nl\/fr\/wp-json\/wp\/v2\/media?parent=12284"}],"wp:term":[{"taxonomy":"product_brand","embeddable":true,"href":"https:\/\/www.charmig.nl\/fr\/wp-json\/wp\/v2\/product_brand?post=12284"},{"taxonomy":"product_cat","embeddable":true,"href":"https:\/\/www.charmig.nl\/fr\/wp-json\/wp\/v2\/product_cat?post=12284"},{"taxonomy":"product_tag","embeddable":true,"href":"https:\/\/www.charmig.nl\/fr\/wp-json\/wp\/v2\/product_tag?post=12284"}],"curies":[{"name":"wp","href":"https:\/\/api.w.org\/{rel}","templated":true}]}}