{"id":12313,"date":"2024-01-19T09:02:13","date_gmt":"2024-01-19T08:02:13","guid":{"rendered":"https:\/\/www.charmig.nl\/?post_type=product&#038;p=12313"},"modified":"2026-04-23T09:35:58","modified_gmt":"2026-04-23T07:35:58","slug":"set-deense-zwevende-nachtkastjes-vintage-teak","status":"publish","type":"product","link":"https:\/\/www.charmig.nl\/fr\/produit\/archives\/set-deense-zwevende-nachtkastjes-vintage-teak\/","title":{"rendered":"Ensemble de tables de chevet flottantes danoises | Vintage | Teck"},"content":{"rendered":"","protected":false},"excerpt":{"rendered":"Num\u00e9ro d'article : 211048\r\n\r\nLot de 2 superbes et rares tables de chevet vintage du Danemark. Ces tables de chevet flottantes sont fix\u00e9es au mur. Les armoires \u00e0 tiroirs murales vintage sont en tr\u00e8s bon \u00e9tat et ajoutent instantan\u00e9ment beaucoup d'atmosph\u00e8re \u00e0 la chambre \u00e0 coucher. Les armoires ont 1 tiroir, id\u00e9al !\r\n\r\nP\u00e9riode de conception : 1950 - 1960\r\nStyle : Mid century modern - Scandinavian\r\nCondition : Tr\u00e8s bon \u00e9tat vintage, 1 table de chevet a une br\u00fblure sur le dessus.\r\nDesigner : Merkloos\r\n\r\nDimensions de la table de chevet\r\nLargeur : 45 cm\r\nProfondeur : 31 cm\r\nHauteur : 15 cm","protected":false},"featured_media":12315,"template":"","meta":{"_acf_changed":false},"product_brand":[],"product_cat":[103],"product_tag":[],"class_list":{"0":"post-12313","1":"product","2":"type-product","3":"status-publish","4":"has-post-thumbnail","6":"product_cat-archief","7":"product_shipping_class-koerier","9":"first","10":"outofstock","11":"shipping-taxable","12":"product-type-simple"},"composite_virtual":false,"composite_layout":"","composite_add_to_cart_form_location":"","composite_editable_in_cart":false,"composite_sold_individually_context":"","composite_shop_price_calc":"","composite_components":[],"composite_scenarios":[],"exclude_global_add_ons":[],"addons":[],"acf":[],"yoast_head":null,"yoast_head_json":null,"_links":{"self":[{"href":"https:\/\/www.charmig.nl\/fr\/wp-json\/wp\/v2\/product\/12313","targetHints":{"allow":["GET"]}}],"collection":[{"href":"https:\/\/www.charmig.nl\/fr\/wp-json\/wp\/v2\/product"}],"about":[{"href":"https:\/\/www.charmig.nl\/fr\/wp-json\/wp\/v2\/types\/product"}],"wp:featuredmedia":[{"embeddable":true,"href":"https:\/\/www.charmig.nl\/fr\/wp-json\/wp\/v2\/media\/12315"}],"wp:attachment":[{"href":"https:\/\/www.charmig.nl\/fr\/wp-json\/wp\/v2\/media?parent=12313"}],"wp:term":[{"taxonomy":"product_brand","embeddable":true,"href":"https:\/\/www.charmig.nl\/fr\/wp-json\/wp\/v2\/product_brand?post=12313"},{"taxonomy":"product_cat","embeddable":true,"href":"https:\/\/www.charmig.nl\/fr\/wp-json\/wp\/v2\/product_cat?post=12313"},{"taxonomy":"product_tag","embeddable":true,"href":"https:\/\/www.charmig.nl\/fr\/wp-json\/wp\/v2\/product_tag?post=12313"}],"curies":[{"name":"wp","href":"https:\/\/api.w.org\/{rel}","templated":true}]}}