{"id":12326,"date":"2024-01-19T09:14:22","date_gmt":"2024-01-19T08:14:22","guid":{"rendered":"https:\/\/www.charmig.nl\/?post_type=product&#038;p=12326"},"modified":"2026-04-23T09:35:58","modified_gmt":"2026-04-23T07:35:58","slug":"vintage-ladekast-kai-kristiansen-6-lades-deens-design","status":"publish","type":"product","link":"https:\/\/www.charmig.nl\/fr\/produit\/archives\/vintage-ladekast-kai-kristiansen-6-lades-deens-design\/","title":{"rendered":"Commode vintage | Kai Kristiansen | 6 tiroirs | Design danois"},"content":{"rendered":"","protected":false},"excerpt":{"rendered":"Artikelnummer: 211061\r\n\r\nDeze vintage ladekast is zeer elegant en stijlvol vormgegeven. De ladekast heeft houten, ronde greepjes op de lades, kenmerkend voor de ontwerpen van Kai Kristiansen. De kast heeft een mooie gebogen voorkant. De tekening van het teak hout loopt prachtig door in de 6 lades.\r\n\r\nOntwerp periode: 1960 &#8211; 1970\r\nStijl: Mid century modern &#8211; Deens design\r\nMateriaal: Teak\r\nConditie: Zeer goede vintage staat\r\nOntwerper: Kai Kristiansen\r\n\r\nDe afmetingen\r\nHoogte: 114 cm\r\nBreedte: 79 cm\r\nDiepte: 44 cm\r\n\r\n<em>\r\nLes articles de la vente d'\u00e9t\u00e9 ne peuvent pas \u00eatre retourn\u00e9s.<\/em>","protected":false},"featured_media":12327,"template":"","meta":{"_acf_changed":false},"product_brand":[],"product_cat":[103],"product_tag":[],"class_list":{"0":"post-12326","1":"product","2":"type-product","3":"status-publish","4":"has-post-thumbnail","6":"product_cat-archief","7":"product_shipping_class-koerier","9":"first","10":"outofstock","11":"sale","12":"shipping-taxable","13":"purchasable","14":"product-type-simple"},"composite_virtual":false,"composite_layout":"","composite_add_to_cart_form_location":"","composite_editable_in_cart":false,"composite_sold_individually_context":"","composite_shop_price_calc":"","composite_components":[],"composite_scenarios":[],"exclude_global_add_ons":[],"addons":[],"acf":[],"yoast_head":null,"yoast_head_json":null,"_links":{"self":[{"href":"https:\/\/www.charmig.nl\/fr\/wp-json\/wp\/v2\/product\/12326","targetHints":{"allow":["GET"]}}],"collection":[{"href":"https:\/\/www.charmig.nl\/fr\/wp-json\/wp\/v2\/product"}],"about":[{"href":"https:\/\/www.charmig.nl\/fr\/wp-json\/wp\/v2\/types\/product"}],"wp:featuredmedia":[{"embeddable":true,"href":"https:\/\/www.charmig.nl\/fr\/wp-json\/wp\/v2\/media\/12327"}],"wp:attachment":[{"href":"https:\/\/www.charmig.nl\/fr\/wp-json\/wp\/v2\/media?parent=12326"}],"wp:term":[{"taxonomy":"product_brand","embeddable":true,"href":"https:\/\/www.charmig.nl\/fr\/wp-json\/wp\/v2\/product_brand?post=12326"},{"taxonomy":"product_cat","embeddable":true,"href":"https:\/\/www.charmig.nl\/fr\/wp-json\/wp\/v2\/product_cat?post=12326"},{"taxonomy":"product_tag","embeddable":true,"href":"https:\/\/www.charmig.nl\/fr\/wp-json\/wp\/v2\/product_tag?post=12326"}],"curies":[{"name":"wp","href":"https:\/\/api.w.org\/{rel}","templated":true}]}}