{"id":12452,"date":"2024-01-29T10:24:52","date_gmt":"2024-01-29T09:24:52","guid":{"rendered":"https:\/\/www.charmig.nl\/?post_type=product&#038;p=12452"},"modified":"2026-02-24T09:01:22","modified_gmt":"2026-02-24T08:01:22","slug":"vintage-dressoir-teak-220-cm","status":"publish","type":"product","link":"https:\/\/www.charmig.nl\/fr\/produit\/archives\/vintage-dressoir-teak-220-cm\/","title":{"rendered":"Buffet vintage | Teck | 220 cm"},"content":{"rendered":"","protected":false},"excerpt":{"rendered":"Num\u00e9ro d'article : 211071\r\n\r\nMagnifique buffet en bois de teck des ann\u00e9es 1970, comme l'indique l'\u00e9tiquette au dos. Les belles poign\u00e9es se remarquent imm\u00e9diatement avec ce meuble vintage. Ce buffet vintage offre beaucoup d'espace de rangement, le meuble a 3 portes ouvrantes et 4 tiroirs.\r\n\r\nP\u00e9riode de cr\u00e9ation : 1960-1970\r\nStyle : Vintage, moderne du milieu du si\u00e8cle\r\nCondition : En bonne condition vintage ; signes mineurs d'utilisation appropri\u00e9s \u00e0 son \u00e2ge.\r\nFabricant : May Koln\r\n\r\nLes dimensions\r\nLargeur : 220 cm\r\nProfondeur : 45 cm\r\nHauteur : 82 cm","protected":false},"featured_media":12461,"template":"","meta":{"_acf_changed":false},"product_brand":[],"product_cat":[103],"product_tag":[],"class_list":{"0":"post-12452","1":"product","2":"type-product","3":"status-publish","4":"has-post-thumbnail","6":"product_cat-archief","7":"product_shipping_class-koerier","9":"first","10":"outofstock","11":"shipping-taxable","12":"product-type-simple"},"composite_virtual":false,"composite_layout":"","composite_add_to_cart_form_location":"","composite_editable_in_cart":false,"composite_sold_individually_context":"","composite_shop_price_calc":"","composite_components":[],"composite_scenarios":[],"exclude_global_add_ons":[],"addons":[],"acf":[],"yoast_head":null,"yoast_head_json":null,"_links":{"self":[{"href":"https:\/\/www.charmig.nl\/fr\/wp-json\/wp\/v2\/product\/12452","targetHints":{"allow":["GET"]}}],"collection":[{"href":"https:\/\/www.charmig.nl\/fr\/wp-json\/wp\/v2\/product"}],"about":[{"href":"https:\/\/www.charmig.nl\/fr\/wp-json\/wp\/v2\/types\/product"}],"wp:featuredmedia":[{"embeddable":true,"href":"https:\/\/www.charmig.nl\/fr\/wp-json\/wp\/v2\/media\/12461"}],"wp:attachment":[{"href":"https:\/\/www.charmig.nl\/fr\/wp-json\/wp\/v2\/media?parent=12452"}],"wp:term":[{"taxonomy":"product_brand","embeddable":true,"href":"https:\/\/www.charmig.nl\/fr\/wp-json\/wp\/v2\/product_brand?post=12452"},{"taxonomy":"product_cat","embeddable":true,"href":"https:\/\/www.charmig.nl\/fr\/wp-json\/wp\/v2\/product_cat?post=12452"},{"taxonomy":"product_tag","embeddable":true,"href":"https:\/\/www.charmig.nl\/fr\/wp-json\/wp\/v2\/product_tag?post=12452"}],"curies":[{"name":"wp","href":"https:\/\/api.w.org\/{rel}","templated":true}]}}