{"id":12504,"date":"2024-01-30T13:58:54","date_gmt":"2024-01-30T12:58:54","guid":{"rendered":"https:\/\/www.charmig.nl\/?post_type=product&#038;p=12504"},"modified":"2026-04-23T09:35:59","modified_gmt":"2026-04-23T07:35:59","slug":"vintage-secretaire-deens-teak-82-cm","status":"publish","type":"product","link":"https:\/\/www.charmig.nl\/fr\/produit\/archives\/vintage-secretaire-deens-teak-82-cm\/","title":{"rendered":"Secr\u00e9taire vintage | Danois | Teck | 82 cm"},"content":{"rendered":"","protected":false},"excerpt":{"rendered":"Num\u00e9ro d'article : 211087\r\n\r\nMagnifique secr\u00e9taire des ann\u00e9es 1960 en provenance du Danemark. Un secr\u00e9taire vintage est tr\u00e8s pratique et donne imm\u00e9diatement beaucoup d'ambiance \u00e0 la maison ! L'armoire danoise dispose d'un bureau extractible et de 3 tiroirs. Le tiroir sup\u00e9rieur peut \u00eatre ferm\u00e9 \u00e0 l'aide d'une cl\u00e9. Un meuble vintage fantastique pour le salon, la chambre d'enfant ou bien s\u00fbr le bureau.\r\n\r\nP\u00e9riode de cr\u00e9ation : 1950-1960\r\nStyle : Vintage, design danois, mid-century modern\r\nCondition : En tr\u00e8s bonne condition vintage. Quelques signes d'usure appropri\u00e9s \u00e0 son \u00e2ge.\r\nDesigner : Inconnu\r\n\r\nDimensions : Largeur : 82 cm\r\nLargeur : 82 cm\r\nProfondeur : 44 cm\r\nProfondeur du bureau : 63 cm\r\nHauteur : 101 cm","protected":false},"featured_media":12507,"template":"","meta":{"_acf_changed":false},"product_brand":[],"product_cat":[103],"product_tag":[],"class_list":{"0":"post-12504","1":"product","2":"type-product","3":"status-publish","4":"has-post-thumbnail","6":"product_cat-archief","7":"product_shipping_class-koerier","9":"first","10":"outofstock","11":"shipping-taxable","12":"product-type-simple"},"composite_virtual":false,"composite_layout":"","composite_add_to_cart_form_location":"","composite_editable_in_cart":false,"composite_sold_individually_context":"","composite_shop_price_calc":"","composite_components":[],"composite_scenarios":[],"exclude_global_add_ons":[],"addons":[],"acf":[],"yoast_head":null,"yoast_head_json":null,"_links":{"self":[{"href":"https:\/\/www.charmig.nl\/fr\/wp-json\/wp\/v2\/product\/12504","targetHints":{"allow":["GET"]}}],"collection":[{"href":"https:\/\/www.charmig.nl\/fr\/wp-json\/wp\/v2\/product"}],"about":[{"href":"https:\/\/www.charmig.nl\/fr\/wp-json\/wp\/v2\/types\/product"}],"wp:featuredmedia":[{"embeddable":true,"href":"https:\/\/www.charmig.nl\/fr\/wp-json\/wp\/v2\/media\/12507"}],"wp:attachment":[{"href":"https:\/\/www.charmig.nl\/fr\/wp-json\/wp\/v2\/media?parent=12504"}],"wp:term":[{"taxonomy":"product_brand","embeddable":true,"href":"https:\/\/www.charmig.nl\/fr\/wp-json\/wp\/v2\/product_brand?post=12504"},{"taxonomy":"product_cat","embeddable":true,"href":"https:\/\/www.charmig.nl\/fr\/wp-json\/wp\/v2\/product_cat?post=12504"},{"taxonomy":"product_tag","embeddable":true,"href":"https:\/\/www.charmig.nl\/fr\/wp-json\/wp\/v2\/product_tag?post=12504"}],"curies":[{"name":"wp","href":"https:\/\/api.w.org\/{rel}","templated":true}]}}