{"id":12744,"date":"2024-02-01T15:45:26","date_gmt":"2024-02-01T14:45:26","guid":{"rendered":"https:\/\/www.charmig.nl\/?post_type=product&#038;p=12744"},"modified":"2026-04-23T09:36:01","modified_gmt":"2026-04-23T07:36:01","slug":"mimiset-nesting-tables-teak","status":"publish","type":"product","link":"https:\/\/www.charmig.nl\/fr\/produit\/archives\/mimiset-nesting-tables-teak\/","title":{"rendered":"Mimiset | Tables gigognes | Teck"},"content":{"rendered":"","protected":false},"excerpt":{"rendered":"Num\u00e9ro d'article : 211088\r\n\r\nCe magnifique ensemble mimi en teck se compose de 3 tables. L'ensemble mimi a \u00e9t\u00e9 con\u00e7u dans les ann\u00e9es 1960. Les trois tables ont un design \u00e9pur\u00e9 et \u00e9l\u00e9gant. Les tables gigognes s'embo\u00eetent parfaitement.\r\n\r\nCet ensemble mimi vintage est de grande qualit\u00e9. Les tables prennent peu de place lorsqu'elles sont pouss\u00e9es l'une contre l'autre et peuvent \u00eatre utilis\u00e9es ensemble ou s\u00e9par\u00e9ment. En outre, les tables sont tr\u00e8s polyvalentes ; utilisez-les comme tables basses, tables \u00e0 plantes, \u00e0 c\u00f4t\u00e9 du canap\u00e9 ou comme deux tables suppl\u00e9mentaires lorsque des visiteurs viennent \u00e0 la maison !\r\n\r\nCet ensemble mimi est en tr\u00e8s bon \u00e9tat et ne montre pratiquement aucun signe d'utilisation.\r\n\r\nP\u00e9riode de cr\u00e9ation : 1950-1960\r\nStyle : Mid century modern, scandinavian design, Danish design\r\n\u00c9tat : En tr\u00e8s bon \u00e9tat\r\nDesigner : Inconnu\r\nMat\u00e9riau : Teck\r\n\r\nDimensions de la plus grande table :\r\nProfondeur : 38 cm\r\nLargeur : 55 cm\r\nHauteur : 48 cm","protected":false},"featured_media":12749,"template":"","meta":{"_acf_changed":false},"product_brand":[],"product_cat":[103],"product_tag":[],"class_list":{"0":"post-12744","1":"product","2":"type-product","3":"status-publish","4":"has-post-thumbnail","6":"product_cat-archief","7":"product_shipping_class-groot-pakket","9":"first","10":"outofstock","11":"shipping-taxable","12":"product-type-simple"},"composite_virtual":false,"composite_layout":"","composite_add_to_cart_form_location":"","composite_editable_in_cart":false,"composite_sold_individually_context":"","composite_shop_price_calc":"","composite_components":[],"composite_scenarios":[],"exclude_global_add_ons":[],"addons":[],"acf":[],"yoast_head":null,"yoast_head_json":null,"_links":{"self":[{"href":"https:\/\/www.charmig.nl\/fr\/wp-json\/wp\/v2\/product\/12744","targetHints":{"allow":["GET"]}}],"collection":[{"href":"https:\/\/www.charmig.nl\/fr\/wp-json\/wp\/v2\/product"}],"about":[{"href":"https:\/\/www.charmig.nl\/fr\/wp-json\/wp\/v2\/types\/product"}],"wp:featuredmedia":[{"embeddable":true,"href":"https:\/\/www.charmig.nl\/fr\/wp-json\/wp\/v2\/media\/12749"}],"wp:attachment":[{"href":"https:\/\/www.charmig.nl\/fr\/wp-json\/wp\/v2\/media?parent=12744"}],"wp:term":[{"taxonomy":"product_brand","embeddable":true,"href":"https:\/\/www.charmig.nl\/fr\/wp-json\/wp\/v2\/product_brand?post=12744"},{"taxonomy":"product_cat","embeddable":true,"href":"https:\/\/www.charmig.nl\/fr\/wp-json\/wp\/v2\/product_cat?post=12744"},{"taxonomy":"product_tag","embeddable":true,"href":"https:\/\/www.charmig.nl\/fr\/wp-json\/wp\/v2\/product_tag?post=12744"}],"curies":[{"name":"wp","href":"https:\/\/api.w.org\/{rel}","templated":true}]}}