{"id":12820,"date":"2024-02-06T11:54:01","date_gmt":"2024-02-06T10:54:01","guid":{"rendered":"https:\/\/www.charmig.nl\/?post_type=product&#038;p=12820"},"modified":"2026-02-24T09:01:24","modified_gmt":"2026-02-24T08:01:24","slug":"ladekast-deens-design-teak-6-lades-111-cm","status":"publish","type":"product","link":"https:\/\/www.charmig.nl\/fr\/produit\/archives\/ladekast-deens-design-teak-6-lades-111-cm\/","title":{"rendered":"Commode | Design danois | Teck | 6 tiroirs | 111 cm"},"content":{"rendered":"","protected":false},"excerpt":{"rendered":"Num\u00e9ro d'article : 211076\r\n\r\nCette commode vintage comporte 6 tiroirs, offrant ainsi un grand espace de rangement. La commode a un beau design classique, gr\u00e2ce \u00e0 sa belle base et \u00e0 ses poign\u00e9es en bois. Cette commode vient du Danemark.\r\n\r\nP\u00e9riode de conception : 1950 - 1960\r\nStyle : Moderne du milieu du si\u00e8cle - Design danois - Design scandinave\r\nMat\u00e9riau : Teck\r\nCondition : Tr\u00e8s bon \u00e9tat vintage, quelques traces d'utilisation appropri\u00e9es \u00e0 son \u00e2ge.\r\nCr\u00e9ateur : Inconnu\r\nFabricant : Inconnu\r\n\r\nDimensions de l'objet\r\nHauteur : 111 cm\r\nLargeur : 70 cm\r\nProfondeur : 42 cm","protected":false},"featured_media":12822,"template":"","meta":{"_acf_changed":false},"product_brand":[],"product_cat":[103],"product_tag":[],"class_list":{"0":"post-12820","1":"product","2":"type-product","3":"status-publish","4":"has-post-thumbnail","6":"product_cat-archief","7":"product_shipping_class-koerier","9":"first","10":"outofstock","11":"shipping-taxable","12":"purchasable","13":"product-type-simple"},"composite_virtual":false,"composite_layout":"","composite_add_to_cart_form_location":"","composite_editable_in_cart":false,"composite_sold_individually_context":"","composite_shop_price_calc":"","composite_components":[],"composite_scenarios":[],"exclude_global_add_ons":[],"addons":[],"acf":[],"yoast_head":null,"yoast_head_json":null,"_links":{"self":[{"href":"https:\/\/www.charmig.nl\/fr\/wp-json\/wp\/v2\/product\/12820","targetHints":{"allow":["GET"]}}],"collection":[{"href":"https:\/\/www.charmig.nl\/fr\/wp-json\/wp\/v2\/product"}],"about":[{"href":"https:\/\/www.charmig.nl\/fr\/wp-json\/wp\/v2\/types\/product"}],"wp:featuredmedia":[{"embeddable":true,"href":"https:\/\/www.charmig.nl\/fr\/wp-json\/wp\/v2\/media\/12822"}],"wp:attachment":[{"href":"https:\/\/www.charmig.nl\/fr\/wp-json\/wp\/v2\/media?parent=12820"}],"wp:term":[{"taxonomy":"product_brand","embeddable":true,"href":"https:\/\/www.charmig.nl\/fr\/wp-json\/wp\/v2\/product_brand?post=12820"},{"taxonomy":"product_cat","embeddable":true,"href":"https:\/\/www.charmig.nl\/fr\/wp-json\/wp\/v2\/product_cat?post=12820"},{"taxonomy":"product_tag","embeddable":true,"href":"https:\/\/www.charmig.nl\/fr\/wp-json\/wp\/v2\/product_tag?post=12820"}],"curies":[{"name":"wp","href":"https:\/\/api.w.org\/{rel}","templated":true}]}}