{"id":12910,"date":"2024-02-06T14:27:38","date_gmt":"2024-02-06T13:27:38","guid":{"rendered":"https:\/\/www.charmig.nl\/?post_type=product&#038;p=12910"},"modified":"2026-04-23T09:36:02","modified_gmt":"2026-04-23T07:36:02","slug":"vintage-midboard-fristho-teak-dressoir-243-cm","status":"publish","type":"product","link":"https:\/\/www.charmig.nl\/fr\/produit\/archives\/vintage-midboard-fristho-teak-dressoir-243-cm\/","title":{"rendered":"Meuble de milieu de gamme vintage | Fristho | Teck | Cr\u00e9dence | 243 cm"},"content":{"rendered":"","protected":false},"excerpt":{"rendered":"Num\u00e9ro d'article : 211104\r\n\r\nFantastique meuble de rangement vintage, produit par la soci\u00e9t\u00e9 n\u00e9erlandaise Fristho. Cette armoire se distingue par ses poign\u00e9es joliment dessin\u00e9es, typiques des cr\u00e9ations de Fristho. Ce buffet a encore fi\u00e8re allure ! L'armoire vintage est finie en teck et offre plus que suffisamment d'espace de rangement. L'armoire comprend 1 abattant avec barre, 4 tiroirs et 2 portes coulissantes. Une tr\u00e8s belle armoire pratique pour le salon ou le bureau !\r\n\r\nP\u00e9riode de conception : 1950-1960\r\nStyle : Mid century modern\r\nMat\u00e9riau : Teck\r\n\u00c9tat : En tr\u00e8s bon \u00e9tat\r\nDesigner : Fristho\r\n\r\nLes dimensions\r\nLargeur : 243 cm\r\nProfondeur : 39 cm\r\nHauteur : 105 cm","protected":false},"featured_media":12928,"template":"","meta":{"_acf_changed":false},"product_brand":[],"product_cat":[103],"product_tag":[],"class_list":{"0":"post-12910","1":"product","2":"type-product","3":"status-publish","4":"has-post-thumbnail","6":"product_cat-archief","7":"product_shipping_class-koerier","9":"first","10":"outofstock","11":"shipping-taxable","12":"product-type-simple"},"composite_virtual":false,"composite_layout":"","composite_add_to_cart_form_location":"","composite_editable_in_cart":false,"composite_sold_individually_context":"","composite_shop_price_calc":"","composite_components":[],"composite_scenarios":[],"exclude_global_add_ons":[],"addons":[],"acf":[],"yoast_head":null,"yoast_head_json":null,"_links":{"self":[{"href":"https:\/\/www.charmig.nl\/fr\/wp-json\/wp\/v2\/product\/12910","targetHints":{"allow":["GET"]}}],"collection":[{"href":"https:\/\/www.charmig.nl\/fr\/wp-json\/wp\/v2\/product"}],"about":[{"href":"https:\/\/www.charmig.nl\/fr\/wp-json\/wp\/v2\/types\/product"}],"wp:featuredmedia":[{"embeddable":true,"href":"https:\/\/www.charmig.nl\/fr\/wp-json\/wp\/v2\/media\/12928"}],"wp:attachment":[{"href":"https:\/\/www.charmig.nl\/fr\/wp-json\/wp\/v2\/media?parent=12910"}],"wp:term":[{"taxonomy":"product_brand","embeddable":true,"href":"https:\/\/www.charmig.nl\/fr\/wp-json\/wp\/v2\/product_brand?post=12910"},{"taxonomy":"product_cat","embeddable":true,"href":"https:\/\/www.charmig.nl\/fr\/wp-json\/wp\/v2\/product_cat?post=12910"},{"taxonomy":"product_tag","embeddable":true,"href":"https:\/\/www.charmig.nl\/fr\/wp-json\/wp\/v2\/product_tag?post=12910"}],"curies":[{"name":"wp","href":"https:\/\/api.w.org\/{rel}","templated":true}]}}