{"id":12948,"date":"2024-02-06T14:55:53","date_gmt":"2024-02-06T13:55:53","guid":{"rendered":"https:\/\/www.charmig.nl\/?post_type=product&#038;p=12948"},"modified":"2026-02-24T09:01:25","modified_gmt":"2026-02-24T08:01:25","slug":"4-x-eetkamerstoel-farstrup-stoffering-naar-keuze","status":"publish","type":"product","link":"https:\/\/www.charmig.nl\/fr\/produit\/archives\/4-x-eetkamerstoel-farstrup-stoffering-naar-keuze\/","title":{"rendered":"4 x chaise de salle \u00e0 manger | Farstrup | choix de rev\u00eatement"},"content":{"rendered":"","protected":false},"excerpt":{"rendered":"Num\u00e9ro d'article : 211054\r\n\r\n<em><strong>Une coupe charmante<\/strong><\/em>\r\n\r\nEen prachtige set van 4 eetkamerstoelen van het merk Farstrup, model 210. De stoelen zijn ontworpen door Thomas Harlev in de jaren 60. De frames zijn gemaakt van beukenhout en de rugleuning is gemaakt van teakhout. De stoelen hebben een elegante vorm en passen in ieder interieur! 2 stoelen hebben een kleine schade, zoals te zien is op de foto&#8217;s.\r\n\r\nDeze stoelen zijn onderdeel van &#8216;Charmig op maat&#8217;. Dit betekent dat de stoelen opnieuw worden gestoffeerd in een stof naar jouw keuze. Ook worden de zittingen voorzien van nieuw koudschuim voor ultiem zitcomfort. Een maatwerk eetkamerset met een rijke geschiedenis en karakter, helemaal passend bij jouw voorkeuren!\r\n\r\n<strong>Le prix des chaises comprend une nouvelle assise et un nouveau rembourrage.<\/strong>\r\n\r\nNotre vaste collection de tissus peut \u00eatre consult\u00e9e dans notre hangar. Plus d'informations sur les chaises sur mesure de Charmig ? Cliquez ici <a href=\"https:\/\/www.charmig.nl\/fr\/charmig-op-maat\/\">ici<\/a>!\r\n\r\nOntwerp periode: 1950 &#8211; 1960\r\nStijl: Mid century modern &#8211; Deens design &#8211; Scandinavisch design\r\nMateriaal: Teak, Beuken\r\nFabrikant: Farstrup\r\nOntwerper: Thomas Harlev\r\n\r\nAfmetingen:\r\nHoogte: 77 cm\r\nZithoogte: 45 cm\r\nBreedte: 52 cm\r\nDiepte: 45 cm","protected":false},"featured_media":12950,"template":"","meta":{"_acf_changed":false},"product_brand":[],"product_cat":[103],"product_tag":[],"class_list":{"0":"post-12948","1":"product","2":"type-product","3":"status-publish","4":"has-post-thumbnail","6":"product_cat-archief","7":"product_shipping_class-koerier","9":"first","10":"outofstock","11":"shipping-taxable","12":"product-type-simple"},"composite_virtual":false,"composite_layout":"","composite_add_to_cart_form_location":"","composite_editable_in_cart":false,"composite_sold_individually_context":"","composite_shop_price_calc":"","composite_components":[],"composite_scenarios":[],"exclude_global_add_ons":[],"addons":[],"acf":[],"yoast_head":null,"yoast_head_json":null,"_links":{"self":[{"href":"https:\/\/www.charmig.nl\/fr\/wp-json\/wp\/v2\/product\/12948","targetHints":{"allow":["GET"]}}],"collection":[{"href":"https:\/\/www.charmig.nl\/fr\/wp-json\/wp\/v2\/product"}],"about":[{"href":"https:\/\/www.charmig.nl\/fr\/wp-json\/wp\/v2\/types\/product"}],"wp:featuredmedia":[{"embeddable":true,"href":"https:\/\/www.charmig.nl\/fr\/wp-json\/wp\/v2\/media\/12950"}],"wp:attachment":[{"href":"https:\/\/www.charmig.nl\/fr\/wp-json\/wp\/v2\/media?parent=12948"}],"wp:term":[{"taxonomy":"product_brand","embeddable":true,"href":"https:\/\/www.charmig.nl\/fr\/wp-json\/wp\/v2\/product_brand?post=12948"},{"taxonomy":"product_cat","embeddable":true,"href":"https:\/\/www.charmig.nl\/fr\/wp-json\/wp\/v2\/product_cat?post=12948"},{"taxonomy":"product_tag","embeddable":true,"href":"https:\/\/www.charmig.nl\/fr\/wp-json\/wp\/v2\/product_tag?post=12948"}],"curies":[{"name":"wp","href":"https:\/\/api.w.org\/{rel}","templated":true}]}}