{"id":12972,"date":"2024-02-08T15:53:11","date_gmt":"2024-02-08T14:53:11","guid":{"rendered":"https:\/\/www.charmig.nl\/?post_type=product&#038;p=12972"},"modified":"2026-04-23T09:36:03","modified_gmt":"2026-04-23T07:36:03","slug":"vintage-deens-dressoir-tv-meubel-boekenkast-omann-jun-120-cm","status":"publish","type":"product","link":"https:\/\/www.charmig.nl\/fr\/produit\/archives\/vintage-deens-dressoir-tv-meubel-boekenkast-omann-jun-120-cm\/","title":{"rendered":"Buffet vintage danois | Meuble TV | Biblioth\u00e8que | Omann Jun | 120 cm"},"content":{"rendered":"","protected":false},"excerpt":{"rendered":"Num\u00e9ro d'article : 211115\r\n\r\nFantastique buffet vintage, qui s'int\u00e8gre parfaitement dans diff\u00e9rents styles d'int\u00e9rieur ! Ce meuble en teck a \u00e9t\u00e9 fabriqu\u00e9 par Omann Jun au Danemark. Ce meuble vintage a une taille parfaite pour \u00eatre utilis\u00e9 comme meuble TV ou biblioth\u00e8que.\r\n\r\nP\u00e9riode de cr\u00e9ation : 1960-1970\r\nStyle : moderne du milieu du si\u00e8cle, design danois\r\nMat\u00e9riau : Teck\r\nCondition : En bon \u00e9tat, petite d\u00e9coloration sur le c\u00f4t\u00e9 droit.\r\nDesigner : Omann Jun\r\n\r\nLes dimensions\r\nLargeur : 120 cm\r\nProfondeur : 29 cm\r\nHauteur : 64 cm","protected":false},"featured_media":12986,"template":"","meta":{"_acf_changed":false},"product_brand":[],"product_cat":[103],"product_tag":[],"class_list":{"0":"post-12972","1":"product","2":"type-product","3":"status-publish","4":"has-post-thumbnail","6":"product_cat-archief","7":"product_shipping_class-koerier","9":"first","10":"outofstock","11":"shipping-taxable","12":"product-type-simple"},"composite_virtual":false,"composite_layout":"","composite_add_to_cart_form_location":"","composite_editable_in_cart":false,"composite_sold_individually_context":"","composite_shop_price_calc":"","composite_components":[],"composite_scenarios":[],"exclude_global_add_ons":[],"addons":[],"acf":[],"yoast_head":null,"yoast_head_json":null,"_links":{"self":[{"href":"https:\/\/www.charmig.nl\/fr\/wp-json\/wp\/v2\/product\/12972","targetHints":{"allow":["GET"]}}],"collection":[{"href":"https:\/\/www.charmig.nl\/fr\/wp-json\/wp\/v2\/product"}],"about":[{"href":"https:\/\/www.charmig.nl\/fr\/wp-json\/wp\/v2\/types\/product"}],"wp:featuredmedia":[{"embeddable":true,"href":"https:\/\/www.charmig.nl\/fr\/wp-json\/wp\/v2\/media\/12986"}],"wp:attachment":[{"href":"https:\/\/www.charmig.nl\/fr\/wp-json\/wp\/v2\/media?parent=12972"}],"wp:term":[{"taxonomy":"product_brand","embeddable":true,"href":"https:\/\/www.charmig.nl\/fr\/wp-json\/wp\/v2\/product_brand?post=12972"},{"taxonomy":"product_cat","embeddable":true,"href":"https:\/\/www.charmig.nl\/fr\/wp-json\/wp\/v2\/product_cat?post=12972"},{"taxonomy":"product_tag","embeddable":true,"href":"https:\/\/www.charmig.nl\/fr\/wp-json\/wp\/v2\/product_tag?post=12972"}],"curies":[{"name":"wp","href":"https:\/\/api.w.org\/{rel}","templated":true}]}}