{"id":13017,"date":"2024-02-08T16:21:33","date_gmt":"2024-02-08T15:21:33","guid":{"rendered":"https:\/\/www.charmig.nl\/?post_type=product&#038;p=13017"},"modified":"2026-04-23T09:36:03","modified_gmt":"2026-04-23T07:36:03","slug":"vintage-deense-kastje-3-lades-teak","status":"publish","type":"product","link":"https:\/\/www.charmig.nl\/fr\/produit\/archives\/vintage-deense-kastje-3-lades-teak\/","title":{"rendered":"Armoire danoise vintage | 3 tiroirs | Teck"},"content":{"rendered":"","protected":false},"excerpt":{"rendered":"Num\u00e9ro d'article : 211122\r\n\r\nCette armoire est un v\u00e9ritable bijou. Cette armoire vintage vient du Danemark et est faite en teck. Le petit meuble vintage a 3 tiroirs et 1 porte. Gr\u00e2ce \u00e0 sa petite taille, l'armoire s'adapte \u00e0 n'importe quelle pi\u00e8ce. C'est une armoire id\u00e9ale pour ranger vos affaires de loisirs ou d'administration. Parfait pour remplir ce mur vide. Ajoutez un vase et une plante et le tour est jou\u00e9 !\r\n\r\nP\u00e9riode de conception : 1950 - 1960\r\nStyle : Mid century modern - Danish design - Scandinavian design\r\nMat\u00e9riau : Teck\r\n\u00c9tat : Tr\u00e8s bon \u00e9tat vintage\r\nCr\u00e9ateur : Inconnu\r\nFabricant : Inconnu\r\n\r\nDimensions de l'objet\r\nHauteur : 69 cm\r\nLargeur : 75 cm\r\nProfondeur : 32 cm","protected":false},"featured_media":13023,"template":"","meta":{"_acf_changed":false},"product_brand":[],"product_cat":[103],"product_tag":[],"class_list":{"0":"post-13017","1":"product","2":"type-product","3":"status-publish","4":"has-post-thumbnail","6":"product_cat-archief","7":"product_shipping_class-koerier","9":"first","10":"outofstock","11":"shipping-taxable","12":"product-type-simple"},"composite_virtual":false,"composite_layout":"","composite_add_to_cart_form_location":"","composite_editable_in_cart":false,"composite_sold_individually_context":"","composite_shop_price_calc":"","composite_components":[],"composite_scenarios":[],"exclude_global_add_ons":[],"addons":[],"acf":[],"yoast_head":null,"yoast_head_json":null,"_links":{"self":[{"href":"https:\/\/www.charmig.nl\/fr\/wp-json\/wp\/v2\/product\/13017","targetHints":{"allow":["GET"]}}],"collection":[{"href":"https:\/\/www.charmig.nl\/fr\/wp-json\/wp\/v2\/product"}],"about":[{"href":"https:\/\/www.charmig.nl\/fr\/wp-json\/wp\/v2\/types\/product"}],"wp:featuredmedia":[{"embeddable":true,"href":"https:\/\/www.charmig.nl\/fr\/wp-json\/wp\/v2\/media\/13023"}],"wp:attachment":[{"href":"https:\/\/www.charmig.nl\/fr\/wp-json\/wp\/v2\/media?parent=13017"}],"wp:term":[{"taxonomy":"product_brand","embeddable":true,"href":"https:\/\/www.charmig.nl\/fr\/wp-json\/wp\/v2\/product_brand?post=13017"},{"taxonomy":"product_cat","embeddable":true,"href":"https:\/\/www.charmig.nl\/fr\/wp-json\/wp\/v2\/product_cat?post=13017"},{"taxonomy":"product_tag","embeddable":true,"href":"https:\/\/www.charmig.nl\/fr\/wp-json\/wp\/v2\/product_tag?post=13017"}],"curies":[{"name":"wp","href":"https:\/\/api.w.org\/{rel}","templated":true}]}}