{"id":13032,"date":"2024-02-09T09:39:53","date_gmt":"2024-02-09T08:39:53","guid":{"rendered":"https:\/\/www.charmig.nl\/?post_type=product&#038;p=13032"},"modified":"2026-02-24T09:01:26","modified_gmt":"2026-02-24T08:01:26","slug":"vintage-ladekast-3-lades-deens-design","status":"publish","type":"product","link":"https:\/\/www.charmig.nl\/fr\/produit\/archives\/vintage-ladekast-3-lades-deens-design\/","title":{"rendered":"Commode vintage | 3 tiroirs | Design danois"},"content":{"rendered":"","protected":false},"excerpt":{"rendered":"Num\u00e9ro d'article : 211121\r\n\r\nCette commode vintage est tr\u00e8s \u00e9l\u00e9gante et con\u00e7ue avec style. La commode a des poign\u00e9es rondes en bois sur les tiroirs. Gr\u00e2ce \u00e0 ses dimensions, elle est id\u00e9ale pour les petits espaces, par exemple dans le couloir ou contre un mur \u00e9troit. Le meuble vintage a 3 tiroirs.\r\n\r\nP\u00e9riode de conception : 1960 - 1970\r\nStyle : Mid century modern - Danish design\r\nMat\u00e9riau : Teck\r\nCondition : Bonne condition vintage. Quelques traces d'utilisation, voir photos.\r\nDesigner : Inconnu\r\n\r\nDimensions : Largeur : 65 cm\r\nLargeur : 65 cm\r\nProfondeur : 31 cm\r\nHauteur : 66 cm","protected":false},"featured_media":13033,"template":"","meta":{"_acf_changed":false},"product_brand":[],"product_cat":[103],"product_tag":[],"class_list":{"0":"post-13032","1":"product","2":"type-product","3":"status-publish","4":"has-post-thumbnail","6":"product_cat-archief","7":"product_shipping_class-koerier","9":"first","10":"outofstock","11":"shipping-taxable","12":"purchasable","13":"product-type-simple"},"composite_virtual":false,"composite_layout":"","composite_add_to_cart_form_location":"","composite_editable_in_cart":false,"composite_sold_individually_context":"","composite_shop_price_calc":"","composite_components":[],"composite_scenarios":[],"exclude_global_add_ons":[],"addons":[],"acf":[],"yoast_head":null,"yoast_head_json":null,"_links":{"self":[{"href":"https:\/\/www.charmig.nl\/fr\/wp-json\/wp\/v2\/product\/13032","targetHints":{"allow":["GET"]}}],"collection":[{"href":"https:\/\/www.charmig.nl\/fr\/wp-json\/wp\/v2\/product"}],"about":[{"href":"https:\/\/www.charmig.nl\/fr\/wp-json\/wp\/v2\/types\/product"}],"wp:featuredmedia":[{"embeddable":true,"href":"https:\/\/www.charmig.nl\/fr\/wp-json\/wp\/v2\/media\/13033"}],"wp:attachment":[{"href":"https:\/\/www.charmig.nl\/fr\/wp-json\/wp\/v2\/media?parent=13032"}],"wp:term":[{"taxonomy":"product_brand","embeddable":true,"href":"https:\/\/www.charmig.nl\/fr\/wp-json\/wp\/v2\/product_brand?post=13032"},{"taxonomy":"product_cat","embeddable":true,"href":"https:\/\/www.charmig.nl\/fr\/wp-json\/wp\/v2\/product_cat?post=13032"},{"taxonomy":"product_tag","embeddable":true,"href":"https:\/\/www.charmig.nl\/fr\/wp-json\/wp\/v2\/product_tag?post=13032"}],"curies":[{"name":"wp","href":"https:\/\/api.w.org\/{rel}","templated":true}]}}