{"id":13097,"date":"2024-02-12T10:22:38","date_gmt":"2024-02-12T09:22:38","guid":{"rendered":"https:\/\/www.charmig.nl\/?post_type=product&#038;p=13097"},"modified":"2026-04-23T09:36:03","modified_gmt":"2026-04-23T07:36:03","slug":"vintage-wandrek-wandplank-60-cm","status":"publish","type":"product","link":"https:\/\/www.charmig.nl\/fr\/product\/archief\/vintage-wandrek-wandplank-60-cm\/","title":{"rendered":"Etag\u00e8re murale vintage | Etag\u00e8re murale | 60 cm"},"content":{"rendered":"","protected":false},"excerpt":{"rendered":"Num\u00e9ro d'article : 211119\r\n\r\nMagnifique \u00e9tag\u00e8re murale vintage avec 1 \u00e9tag\u00e8re en bois et des supports d'\u00e9tag\u00e8re en fil de fer en laiton.\r\n\r\nDimensions de l'\u00e9tag\u00e8re :\r\nLargeur : 60 cm\r\nHauteur : 20 cm\r\nProfondeur : 20 cm\r\n\r\nP\u00e9riode de cr\u00e9ation : 1950 - 1960\r\nStyle : Mid century modern - Scandinavian design\r\nMat\u00e9riau : Laiton, bois\r\n\u00c9tat : En tr\u00e8s bon \u00e9tat.","protected":false},"featured_media":13099,"template":"","meta":{"_acf_changed":false},"product_brand":[],"product_cat":[103],"product_tag":[],"class_list":{"0":"post-13097","1":"product","2":"type-product","3":"status-publish","4":"has-post-thumbnail","6":"product_cat-archief","7":"product_shipping_class-groot-pakket","9":"first","10":"outofstock","11":"shipping-taxable","12":"product-type-simple"},"composite_virtual":false,"composite_layout":"","composite_add_to_cart_form_location":"","composite_editable_in_cart":false,"composite_sold_individually_context":"","composite_shop_price_calc":"","composite_components":[],"composite_scenarios":[],"exclude_global_add_ons":[],"addons":[],"acf":[],"yoast_head":null,"yoast_head_json":null,"_links":{"self":[{"href":"https:\/\/www.charmig.nl\/fr\/wp-json\/wp\/v2\/product\/13097","targetHints":{"allow":["GET"]}}],"collection":[{"href":"https:\/\/www.charmig.nl\/fr\/wp-json\/wp\/v2\/product"}],"about":[{"href":"https:\/\/www.charmig.nl\/fr\/wp-json\/wp\/v2\/types\/product"}],"wp:featuredmedia":[{"embeddable":true,"href":"https:\/\/www.charmig.nl\/fr\/wp-json\/wp\/v2\/media\/13099"}],"wp:attachment":[{"href":"https:\/\/www.charmig.nl\/fr\/wp-json\/wp\/v2\/media?parent=13097"}],"wp:term":[{"taxonomy":"product_brand","embeddable":true,"href":"https:\/\/www.charmig.nl\/fr\/wp-json\/wp\/v2\/product_brand?post=13097"},{"taxonomy":"product_cat","embeddable":true,"href":"https:\/\/www.charmig.nl\/fr\/wp-json\/wp\/v2\/product_cat?post=13097"},{"taxonomy":"product_tag","embeddable":true,"href":"https:\/\/www.charmig.nl\/fr\/wp-json\/wp\/v2\/product_tag?post=13097"}],"curies":[{"name":"wp","href":"https:\/\/api.w.org\/{rel}","templated":true}]}}