{"id":13235,"date":"2024-02-13T11:12:07","date_gmt":"2024-02-13T10:12:07","guid":{"rendered":"https:\/\/www.charmig.nl\/?post_type=product&#038;p=13235"},"modified":"2026-04-23T09:36:06","modified_gmt":"2026-04-23T07:36:06","slug":"vintage-highboard-karlit-sweden-barkast-184-cm","status":"publish","type":"product","link":"https:\/\/www.charmig.nl\/fr\/produit\/archives\/vintage-highboard-karlit-sweden-barkast-184-cm\/","title":{"rendered":"Meuble haut vintage | Karlit Sweden | Meuble de bar | 184 cm"},"content":{"rendered":"","protected":false},"excerpt":{"rendered":"Num\u00e9ro d'article : 211130\r\n\r\nCette armoire en teck est fabriqu\u00e9e par Karlit et provient de Su\u00e8de. L'armoire murale vintage a 4 portes coulissantes et 3 tiroirs. Derri\u00e8re les portes coulissantes, vous trouverez beaucoup d'espace de rangement ; derri\u00e8re les 2 portes du milieu, vous trouverez un petit bar avec miroir et 3 petits tiroirs (\u00e0 couverts). L'int\u00e9rieur est en bois de rose. Il s'agit d'une armoire tr\u00e8s pratique qui offre \u00e9norm\u00e9ment d'espace de rangement. En outre, l'armoire est \u00e9l\u00e9gante et intemporelle.\r\n\r\nP\u00e9riode de cr\u00e9ation : 1950-1960\r\nStyle : moderne du milieu du si\u00e8cle\r\nMat\u00e9riau : Teck\r\nCondition : En bon \u00e9tat vintage, quelques rayures et petites taches sur le dessus.\r\nMarque : Karlit Sweden\r\n\r\nDimensions : Hauteur : 114 cm :\r\nHauteur : 114 cm\r\nLargeur : 184 cm\r\nProfondeur : 44 cm","protected":false},"featured_media":13236,"template":"","meta":{"_acf_changed":false},"product_brand":[],"product_cat":[103],"product_tag":[],"class_list":{"0":"post-13235","1":"product","2":"type-product","3":"status-publish","4":"has-post-thumbnail","6":"product_cat-archief","7":"product_shipping_class-koerier","9":"first","10":"outofstock","11":"shipping-taxable","12":"product-type-simple"},"composite_virtual":false,"composite_layout":"","composite_add_to_cart_form_location":"","composite_editable_in_cart":false,"composite_sold_individually_context":"","composite_shop_price_calc":"","composite_components":[],"composite_scenarios":[],"exclude_global_add_ons":[],"addons":[],"acf":[],"yoast_head":null,"yoast_head_json":null,"_links":{"self":[{"href":"https:\/\/www.charmig.nl\/fr\/wp-json\/wp\/v2\/product\/13235","targetHints":{"allow":["GET"]}}],"collection":[{"href":"https:\/\/www.charmig.nl\/fr\/wp-json\/wp\/v2\/product"}],"about":[{"href":"https:\/\/www.charmig.nl\/fr\/wp-json\/wp\/v2\/types\/product"}],"wp:featuredmedia":[{"embeddable":true,"href":"https:\/\/www.charmig.nl\/fr\/wp-json\/wp\/v2\/media\/13236"}],"wp:attachment":[{"href":"https:\/\/www.charmig.nl\/fr\/wp-json\/wp\/v2\/media?parent=13235"}],"wp:term":[{"taxonomy":"product_brand","embeddable":true,"href":"https:\/\/www.charmig.nl\/fr\/wp-json\/wp\/v2\/product_brand?post=13235"},{"taxonomy":"product_cat","embeddable":true,"href":"https:\/\/www.charmig.nl\/fr\/wp-json\/wp\/v2\/product_cat?post=13235"},{"taxonomy":"product_tag","embeddable":true,"href":"https:\/\/www.charmig.nl\/fr\/wp-json\/wp\/v2\/product_tag?post=13235"}],"curies":[{"name":"wp","href":"https:\/\/api.w.org\/{rel}","templated":true}]}}