{"id":13259,"date":"2024-02-13T11:30:47","date_gmt":"2024-02-13T10:30:47","guid":{"rendered":"https:\/\/www.charmig.nl\/?post_type=product&#038;p=13259"},"modified":"2026-04-23T09:36:06","modified_gmt":"2026-04-23T07:36:06","slug":"vintage-teak-dressoir-teak-faarup-mobelfabrik-230-cm","status":"publish","type":"product","link":"https:\/\/www.charmig.nl\/fr\/product\/archief\/vintage-teak-dressoir-teak-faarup-mobelfabrik-230-cm\/","title":{"rendered":"Buffet vintage en teck | Faarup M\u00f8belfabrik | 230 cm"},"content":{"rendered":"","protected":false},"excerpt":{"rendered":"Num\u00e9ro d'article : 211131\r\n\r\nMagnifique buffet vintage con\u00e7u par Ib Kofod-Larsen pour Faarup M\u00f8belfabrik dans les ann\u00e9es 1960. Le meuble vintage a une couleur de bois chaude et de tr\u00e8s belles poign\u00e9es rondes qui sont caract\u00e9ristiques des cr\u00e9ations d'Ib Kofod-Larsen. La base compl\u00e8te le meuble. Le meuble est de tr\u00e8s belle qualit\u00e9 et en tr\u00e8s bon \u00e9tat.\r\n\r\nP\u00e9riode de cr\u00e9ation : 1960-1970\r\nStyle : moderne du milieu du si\u00e8cle, design scandinave\r\nMat\u00e9riau : Teck\r\n\u00c9tat : En tr\u00e8s bon \u00e9tat\r\nDesigner : Ib Kofod-Larsen pour Faarup M\u00f8belfabrik\r\n\r\nDimensions : Largeur : 230 cm\r\nLargeur : 230 cm\r\nHauteur : 77 cm\r\nProfondeur : 50 cm\r\n\r\n<em>\r\nLes articles de la vente d'\u00e9t\u00e9 ne peuvent pas \u00eatre retourn\u00e9s.<\/em>","protected":false},"featured_media":13260,"template":"","meta":{"_acf_changed":false},"product_brand":[],"product_cat":[103],"product_tag":[],"class_list":{"0":"post-13259","1":"product","2":"type-product","3":"status-publish","4":"has-post-thumbnail","6":"product_cat-archief","7":"product_shipping_class-koerier","9":"first","10":"outofstock","11":"shipping-taxable","12":"product-type-simple"},"composite_virtual":false,"composite_layout":"","composite_add_to_cart_form_location":"","composite_editable_in_cart":false,"composite_sold_individually_context":"","composite_shop_price_calc":"","composite_components":[],"composite_scenarios":[],"exclude_global_add_ons":[],"addons":[],"acf":[],"yoast_head":null,"yoast_head_json":null,"_links":{"self":[{"href":"https:\/\/www.charmig.nl\/fr\/wp-json\/wp\/v2\/product\/13259","targetHints":{"allow":["GET"]}}],"collection":[{"href":"https:\/\/www.charmig.nl\/fr\/wp-json\/wp\/v2\/product"}],"about":[{"href":"https:\/\/www.charmig.nl\/fr\/wp-json\/wp\/v2\/types\/product"}],"wp:featuredmedia":[{"embeddable":true,"href":"https:\/\/www.charmig.nl\/fr\/wp-json\/wp\/v2\/media\/13260"}],"wp:attachment":[{"href":"https:\/\/www.charmig.nl\/fr\/wp-json\/wp\/v2\/media?parent=13259"}],"wp:term":[{"taxonomy":"product_brand","embeddable":true,"href":"https:\/\/www.charmig.nl\/fr\/wp-json\/wp\/v2\/product_brand?post=13259"},{"taxonomy":"product_cat","embeddable":true,"href":"https:\/\/www.charmig.nl\/fr\/wp-json\/wp\/v2\/product_cat?post=13259"},{"taxonomy":"product_tag","embeddable":true,"href":"https:\/\/www.charmig.nl\/fr\/wp-json\/wp\/v2\/product_tag?post=13259"}],"curies":[{"name":"wp","href":"https:\/\/api.w.org\/{rel}","templated":true}]}}