{"id":13320,"date":"2024-02-13T16:25:43","date_gmt":"2024-02-13T15:25:43","guid":{"rendered":"https:\/\/www.charmig.nl\/?post_type=product&#038;p=13320"},"modified":"2026-04-23T09:36:06","modified_gmt":"2026-04-23T07:36:06","slug":"vintage-kaptafel-ladekast-met-spiegel","status":"publish","type":"product","link":"https:\/\/www.charmig.nl\/fr\/product\/archief\/vintage-kaptafel-ladekast-met-spiegel\/","title":{"rendered":"Table de toilette vintage | Commode | Avec miroir"},"content":{"rendered":"","protected":false},"excerpt":{"rendered":"Num\u00e9ro d'article : 211133\r\n\r\nVous cherchez \u00e0 attirer l'attention dans votre chambre \u00e0 coucher ? Cette fantastique commode est parfaite pour cela ! A premi\u00e8re vue, elle ressemble \u00e0 une commode, mais derri\u00e8re le premier tiroir se cache un miroir ! Sous le miroir, vous trouverez 3 bacs de rangement, id\u00e9aux pour y ranger votre maquillage. Vous pouvez \u00e9galement ranger tous vos produits pr\u00e9f\u00e9r\u00e9s dans les 2 tiroirs. Cette coiffeuse brillera-t-elle bient\u00f4t dans votre maison ?\r\n\r\nP\u00e9riode de cr\u00e9ation : 1950-1960\r\nStyle : Moderne, Design scandinave, Vintage\r\nMat\u00e9riau : Teck\r\nCondition : En bonne condition vintage, quelques signes mineurs d'usure correspondant \u00e0 son \u00e2ge\r\nDesigner : Inconnu\r\n\r\nDimensions : Largeur : 90 cm\r\nLargeur : 90 cm\r\nProfondeur : 43 cm\r\nHauteur : 75 cm","protected":false},"featured_media":13321,"template":"","meta":{"_acf_changed":false},"product_brand":[],"product_cat":[103],"product_tag":[],"class_list":{"0":"post-13320","1":"product","2":"type-product","3":"status-publish","4":"has-post-thumbnail","6":"product_cat-archief","7":"product_shipping_class-koerier","9":"first","10":"outofstock","11":"sale","12":"shipping-taxable","13":"purchasable","14":"product-type-simple"},"composite_virtual":false,"composite_layout":"","composite_add_to_cart_form_location":"","composite_editable_in_cart":false,"composite_sold_individually_context":"","composite_shop_price_calc":"","composite_components":[],"composite_scenarios":[],"exclude_global_add_ons":[],"addons":[],"acf":[],"yoast_head":null,"yoast_head_json":null,"_links":{"self":[{"href":"https:\/\/www.charmig.nl\/fr\/wp-json\/wp\/v2\/product\/13320","targetHints":{"allow":["GET"]}}],"collection":[{"href":"https:\/\/www.charmig.nl\/fr\/wp-json\/wp\/v2\/product"}],"about":[{"href":"https:\/\/www.charmig.nl\/fr\/wp-json\/wp\/v2\/types\/product"}],"wp:featuredmedia":[{"embeddable":true,"href":"https:\/\/www.charmig.nl\/fr\/wp-json\/wp\/v2\/media\/13321"}],"wp:attachment":[{"href":"https:\/\/www.charmig.nl\/fr\/wp-json\/wp\/v2\/media?parent=13320"}],"wp:term":[{"taxonomy":"product_brand","embeddable":true,"href":"https:\/\/www.charmig.nl\/fr\/wp-json\/wp\/v2\/product_brand?post=13320"},{"taxonomy":"product_cat","embeddable":true,"href":"https:\/\/www.charmig.nl\/fr\/wp-json\/wp\/v2\/product_cat?post=13320"},{"taxonomy":"product_tag","embeddable":true,"href":"https:\/\/www.charmig.nl\/fr\/wp-json\/wp\/v2\/product_tag?post=13320"}],"curies":[{"name":"wp","href":"https:\/\/api.w.org\/{rel}","templated":true}]}}