{"id":13430,"date":"2024-03-11T15:08:25","date_gmt":"2024-03-11T14:08:25","guid":{"rendered":"https:\/\/www.charmig.nl\/?post_type=product&#038;p=13430"},"modified":"2026-02-24T09:01:28","modified_gmt":"2026-02-24T08:01:28","slug":"vintage-highboard-palissander-196-cm","status":"publish","type":"product","link":"https:\/\/www.charmig.nl\/fr\/produit\/archives\/vintage-highboard-palissander-196-cm\/","title":{"rendered":"Planche haute vintage | bois de rose | 196 cm"},"content":{"rendered":"","protected":false},"excerpt":{"rendered":"Artikelnummer: 211138\r\n\r\nDit highboard is gemaakt van palissander hout en valt direct op door de strakke en tijdloze vormgeving. De vintage wandkast heeft 2 openslaande deuren, 1 klepdeur en 1 lade. Achter de deuren vind je genoeg opbergruimte. In de lade vind je 4 vakken, perfect voor bestek. Deze kast is een echte blikvanger in je huis!\r\n\r\nOntwerp periode: 1950-1960\r\nStijl: Mid century modern\r\nMateriaal: Palissander\r\nConditie: In goede vintage staat, paar krassen op de deuren. Zie foto&#8217;s.\r\nMerk: Merkloos\r\n\r\nAfmetingen:\r\nHoogte: 110 cm\r\nBreedte: 196 cm\r\nDiepte: 39 cm\r\n<em>\r\nLes articles de la vente d'\u00e9t\u00e9 ne peuvent pas \u00eatre retourn\u00e9s.<\/em>","protected":false},"featured_media":13431,"template":"","meta":{"_acf_changed":false},"product_brand":[],"product_cat":[103],"product_tag":[],"class_list":{"0":"post-13430","1":"product","2":"type-product","3":"status-publish","4":"has-post-thumbnail","6":"product_cat-archief","7":"product_shipping_class-koerier","9":"first","10":"outofstock","11":"shipping-taxable","12":"product-type-simple"},"composite_virtual":false,"composite_layout":"","composite_add_to_cart_form_location":"","composite_editable_in_cart":false,"composite_sold_individually_context":"","composite_shop_price_calc":"","composite_components":[],"composite_scenarios":[],"exclude_global_add_ons":[],"addons":[],"acf":[],"yoast_head":null,"yoast_head_json":null,"_links":{"self":[{"href":"https:\/\/www.charmig.nl\/fr\/wp-json\/wp\/v2\/product\/13430","targetHints":{"allow":["GET"]}}],"collection":[{"href":"https:\/\/www.charmig.nl\/fr\/wp-json\/wp\/v2\/product"}],"about":[{"href":"https:\/\/www.charmig.nl\/fr\/wp-json\/wp\/v2\/types\/product"}],"wp:featuredmedia":[{"embeddable":true,"href":"https:\/\/www.charmig.nl\/fr\/wp-json\/wp\/v2\/media\/13431"}],"wp:attachment":[{"href":"https:\/\/www.charmig.nl\/fr\/wp-json\/wp\/v2\/media?parent=13430"}],"wp:term":[{"taxonomy":"product_brand","embeddable":true,"href":"https:\/\/www.charmig.nl\/fr\/wp-json\/wp\/v2\/product_brand?post=13430"},{"taxonomy":"product_cat","embeddable":true,"href":"https:\/\/www.charmig.nl\/fr\/wp-json\/wp\/v2\/product_cat?post=13430"},{"taxonomy":"product_tag","embeddable":true,"href":"https:\/\/www.charmig.nl\/fr\/wp-json\/wp\/v2\/product_tag?post=13430"}],"curies":[{"name":"wp","href":"https:\/\/api.w.org\/{rel}","templated":true}]}}